{"id":33280,"date":"2020-10-06T23:27:40","date_gmt":"2020-10-06T20:27:40","guid":{"rendered":"https:\/\/martinez-perfume.com\/en\/product\/spray-de-perfume-para-hogar-y-automovil-exotico\/"},"modified":"2021-08-03T11:17:48","modified_gmt":"2021-08-03T08:17:48","slug":"spray-de-perfume-para-hogar-y-automovil-exotico","status":"publish","type":"product","link":"https:\/\/martinez-perfume.com\/en\/producto\/spray-de-perfume-para-hogar-y-automovil-exotico\/?lang=es","title":{"rendered":"Spray de perfume para hogar y autom\u00f3vil &#8211; EXOTIC"},"content":{"rendered":"","protected":false},"excerpt":{"rendered":"<p>EXOTIC contiene s\u00e1ndalo, cedro y oud \u00e1rabe.<br \/>\nCantidad &#8211; 180 ml sin alcohol &#8211; no da\u00f1a los tejidos, apto para autom\u00f3viles y textiles para el hogar.<br \/>\n900 pulverizaciones: suficiente para 60-90 d\u00edas de uso diario.<\/p>\n","protected":false},"featured_media":33277,"comment_status":"open","ping_status":"closed","template":"","meta":{"_acf_changed":false,"_monsterinsights_skip_tracking":false,"_monsterinsights_sitenote_active":false,"_monsterinsights_sitenote_note":"","_monsterinsights_sitenote_category":0},"product_cat":[357,363],"product_tag":[],"acf":[],"aioseo_notices":[],"_links":{"self":[{"href":"https:\/\/martinez-perfume.com\/en\/wp-json\/wp\/v2\/product\/33280"}],"collection":[{"href":"https:\/\/martinez-perfume.com\/en\/wp-json\/wp\/v2\/product"}],"about":[{"href":"https:\/\/martinez-perfume.com\/en\/wp-json\/wp\/v2\/types\/product"}],"replies":[{"embeddable":true,"href":"https:\/\/martinez-perfume.com\/en\/wp-json\/wp\/v2\/comments?post=33280"}],"wp:featuredmedia":[{"embeddable":true,"href":"https:\/\/martinez-perfume.com\/en\/wp-json\/wp\/v2\/media\/33277"}],"wp:attachment":[{"href":"https:\/\/martinez-perfume.com\/en\/wp-json\/wp\/v2\/media?parent=33280"}],"wp:term":[{"taxonomy":"product_cat","embeddable":true,"href":"https:\/\/martinez-perfume.com\/en\/wp-json\/wp\/v2\/product_cat?post=33280"},{"taxonomy":"product_tag","embeddable":true,"href":"https:\/\/martinez-perfume.com\/en\/wp-json\/wp\/v2\/product_tag?post=33280"}],"curies":[{"name":"wp","href":"https:\/\/api.w.org\/{rel}","templated":true}]}}