{"id":33270,"date":"2020-12-18T10:14:44","date_gmt":"2020-12-18T08:14:44","guid":{"rendered":"https:\/\/martinez-perfume.com\/en\/product\/notas-olfativas-familia-parecidas-a-la-nuit-martinez-450\/"},"modified":"2020-12-18T10:14:44","modified_gmt":"2020-12-18T08:14:44","slug":"notas-olfativas-familia-parecidas-a-la-nuit-martinez-450","status":"publish","type":"product","link":"https:\/\/martinez-perfume.com\/en\/producto\/notas-olfativas-familia-parecidas-a-la-nuit-martinez-450\/?lang=es","title":{"rendered":"notas olfativas familia parecidas a La Nuit <br> Martinez 450"},"content":{"rendered":"","protected":false},"excerpt":{"rendered":"<p>El perfume es sensual, ardiente con notas de frambuesa fresca, incienso y vainilla, con un coraz\u00f3n hechizante de esencia de rosa negra. Comenzando con una explosi\u00f3n de deliciosa frambuesa, las notas de una rosa de Damascena se han mejorado para darle a la fragancia un aroma profundo y misterioso. La vainilla, cultivada en los p\u00e9talos de una orqu\u00eddea en Tahit\u00ed, le da a la fragancia una nota solar y radiante.<\/p>\n<p>Las Notas de Salida son pera, mandarina y bergamota; las Notas de Coraz\u00f3n son vainilla orqu\u00eddea, fresa, rosa negra y maracuy\u00e1; las Notas de Fondo son pralin\u00e9, caramelo, litchi, pachul\u00ed, vainilla, incienso, caf\u00e9, regaliz, cumarina y papiro.<\/p>\n","protected":false},"featured_media":33967,"comment_status":"open","ping_status":"closed","template":"","meta":{"_acf_changed":false,"_monsterinsights_skip_tracking":false,"_monsterinsights_sitenote_active":false,"_monsterinsights_sitenote_note":"","_monsterinsights_sitenote_category":0},"product_cat":[364,367],"product_tag":[],"acf":[],"aioseo_notices":[],"_links":{"self":[{"href":"https:\/\/martinez-perfume.com\/en\/wp-json\/wp\/v2\/product\/33270"}],"collection":[{"href":"https:\/\/martinez-perfume.com\/en\/wp-json\/wp\/v2\/product"}],"about":[{"href":"https:\/\/martinez-perfume.com\/en\/wp-json\/wp\/v2\/types\/product"}],"replies":[{"embeddable":true,"href":"https:\/\/martinez-perfume.com\/en\/wp-json\/wp\/v2\/comments?post=33270"}],"wp:featuredmedia":[{"embeddable":true,"href":"https:\/\/martinez-perfume.com\/en\/wp-json\/wp\/v2\/media\/33967"}],"wp:attachment":[{"href":"https:\/\/martinez-perfume.com\/en\/wp-json\/wp\/v2\/media?parent=33270"}],"wp:term":[{"taxonomy":"product_cat","embeddable":true,"href":"https:\/\/martinez-perfume.com\/en\/wp-json\/wp\/v2\/product_cat?post=33270"},{"taxonomy":"product_tag","embeddable":true,"href":"https:\/\/martinez-perfume.com\/en\/wp-json\/wp\/v2\/product_tag?post=33270"}],"curies":[{"name":"wp","href":"https:\/\/api.w.org\/{rel}","templated":true}]}}