{"id":33266,"date":"2020-12-18T11:05:43","date_gmt":"2020-12-18T09:05:43","guid":{"rendered":"https:\/\/martinez-perfume.com\/en\/product\/notas-olfativas-familiares-parecidas-a-crystal-noir-martinez-409\/"},"modified":"2020-12-18T11:05:43","modified_gmt":"2020-12-18T09:05:43","slug":"notas-olfativas-familiares-parecidas-a-crystal-noir-martinez-409","status":"publish","type":"product","link":"https:\/\/martinez-perfume.com\/en\/producto\/notas-olfativas-familiares-parecidas-a-crystal-noir-martinez-409\/?lang=es","title":{"rendered":"notas olfativas familiares parecidas a Crystal Noir <br> Martinez 409"},"content":{"rendered":"","protected":false},"excerpt":{"rendered":"<p>Una fragancia para la verdadera mujer. Es sexy sin esfuerzo, segura de s\u00ed misma y ama la moda, la suntuosidad y la excentricidad. La fragancia es un perfume m\u00e1gico, puro y sensual al mismo tiempo. Un aroma floral-oriental, es absolutamente femenino, suave y deja una impresi\u00f3n duradera.<\/p>\n<p>Las Notas de Salida son pimienta, jengibre y cardamomo; las Notas de Coraz\u00f3n son coco, gardenia, azahar y peon\u00eda; las Notas de Fondo son s\u00e1ndalo, almizcle y \u00e1mbar.<\/p>\n","protected":false},"featured_media":33185,"comment_status":"open","ping_status":"closed","template":"","meta":{"_acf_changed":false,"_monsterinsights_skip_tracking":false,"_monsterinsights_sitenote_active":false,"_monsterinsights_sitenote_note":"","_monsterinsights_sitenote_category":0},"product_cat":[364,367],"product_tag":[],"acf":[],"aioseo_notices":[],"_links":{"self":[{"href":"https:\/\/martinez-perfume.com\/en\/wp-json\/wp\/v2\/product\/33266"}],"collection":[{"href":"https:\/\/martinez-perfume.com\/en\/wp-json\/wp\/v2\/product"}],"about":[{"href":"https:\/\/martinez-perfume.com\/en\/wp-json\/wp\/v2\/types\/product"}],"replies":[{"embeddable":true,"href":"https:\/\/martinez-perfume.com\/en\/wp-json\/wp\/v2\/comments?post=33266"}],"wp:featuredmedia":[{"embeddable":true,"href":"https:\/\/martinez-perfume.com\/en\/wp-json\/wp\/v2\/media\/33185"}],"wp:attachment":[{"href":"https:\/\/martinez-perfume.com\/en\/wp-json\/wp\/v2\/media?parent=33266"}],"wp:term":[{"taxonomy":"product_cat","embeddable":true,"href":"https:\/\/martinez-perfume.com\/en\/wp-json\/wp\/v2\/product_cat?post=33266"},{"taxonomy":"product_tag","embeddable":true,"href":"https:\/\/martinez-perfume.com\/en\/wp-json\/wp\/v2\/product_tag?post=33266"}],"curies":[{"name":"wp","href":"https:\/\/api.w.org\/{rel}","templated":true}]}}