{"id":33265,"date":"2020-12-18T11:10:24","date_gmt":"2020-12-18T09:10:24","guid":{"rendered":"https:\/\/martinez-perfume.com\/en\/product\/familia-de-notas-olfativas-parecidas-a-limperatrice-martinez-402\/"},"modified":"2020-12-18T11:10:24","modified_gmt":"2020-12-18T09:10:24","slug":"familia-de-notas-olfativas-parecidas-a-limperatrice-martinez-402","status":"publish","type":"product","link":"https:\/\/martinez-perfume.com\/en\/producto\/familia-de-notas-olfativas-parecidas-a-limperatrice-martinez-402\/?lang=es","title":{"rendered":"familia de notas olfativas parecidas a L\u2019IMP\u00c9RATRICE <br> Martinez 402"},"content":{"rendered":"","protected":false},"excerpt":{"rendered":"<p>Para la mujer due\u00f1a de su destino. Sabe lo que quiere y no duda de su determinaci\u00f3n. Su car\u00e1cter lleno de vitalidad la convierte en protagonista all\u00e1 donde va, y esta fragancia le queda como un anillo en el dedo.<\/p>\n<p>Las Notas de Salida son sand\u00eda y fresa; las Notas de Coraz\u00f3n son Pink Peony, Damask Rose, Cyclamen y Magnolia; las Notas de Fondo son almizcle, notas amaderadas, s\u00e1ndalo y humo.<\/p>\n","protected":false},"featured_media":33182,"comment_status":"open","ping_status":"closed","template":"","meta":{"_acf_changed":false,"_monsterinsights_skip_tracking":false,"_monsterinsights_sitenote_active":false,"_monsterinsights_sitenote_note":"","_monsterinsights_sitenote_category":0},"product_cat":[364,367],"product_tag":[],"acf":[],"aioseo_notices":[],"_links":{"self":[{"href":"https:\/\/martinez-perfume.com\/en\/wp-json\/wp\/v2\/product\/33265"}],"collection":[{"href":"https:\/\/martinez-perfume.com\/en\/wp-json\/wp\/v2\/product"}],"about":[{"href":"https:\/\/martinez-perfume.com\/en\/wp-json\/wp\/v2\/types\/product"}],"replies":[{"embeddable":true,"href":"https:\/\/martinez-perfume.com\/en\/wp-json\/wp\/v2\/comments?post=33265"}],"wp:featuredmedia":[{"embeddable":true,"href":"https:\/\/martinez-perfume.com\/en\/wp-json\/wp\/v2\/media\/33182"}],"wp:attachment":[{"href":"https:\/\/martinez-perfume.com\/en\/wp-json\/wp\/v2\/media?parent=33265"}],"wp:term":[{"taxonomy":"product_cat","embeddable":true,"href":"https:\/\/martinez-perfume.com\/en\/wp-json\/wp\/v2\/product_cat?post=33265"},{"taxonomy":"product_tag","embeddable":true,"href":"https:\/\/martinez-perfume.com\/en\/wp-json\/wp\/v2\/product_tag?post=33265"}],"curies":[{"name":"wp","href":"https:\/\/api.w.org\/{rel}","templated":true}]}}