{"id":33264,"date":"2020-12-18T11:13:22","date_gmt":"2020-12-18T09:13:22","guid":{"rendered":"https:\/\/martinez-perfume.com\/en\/product\/notas-olfativas-familiares-parecidas-a-the-only-one-martinez-401\/"},"modified":"2020-12-18T11:13:22","modified_gmt":"2020-12-18T09:13:22","slug":"notas-olfativas-familiares-parecidas-a-the-only-one-martinez-401","status":"publish","type":"product","link":"https:\/\/martinez-perfume.com\/en\/producto\/notas-olfativas-familiares-parecidas-a-the-only-one-martinez-401\/?lang=es","title":{"rendered":"notas olfativas familiares parecidas a The Only One <br> Martinez 401"},"content":{"rendered":"","protected":false},"excerpt":{"rendered":"<p>Esta fragancia representa a una mujer \u00fanica y \u00fanica que es capaz de las cosas m\u00e1s sorprendentes. Como ella, este perfume es un atractivo juego de contrarios, la feminidad m\u00e1s sofisticada que atrae y cautiva.<\/p>\n<p>Las Notas de Salida son violeta, bergamota y naranja; las Notas de Coraz\u00f3n son caf\u00e9, pera, iris, azahar y rosa; las Notas de Fondo son caramelo, vainilla y pachul\u00ed.<\/p>\n","protected":false},"featured_media":33104,"comment_status":"open","ping_status":"closed","template":"","meta":{"_acf_changed":false,"_monsterinsights_skip_tracking":false,"_monsterinsights_sitenote_active":false,"_monsterinsights_sitenote_note":"","_monsterinsights_sitenote_category":0},"product_cat":[364,367],"product_tag":[],"acf":[],"aioseo_notices":[],"_links":{"self":[{"href":"https:\/\/martinez-perfume.com\/en\/wp-json\/wp\/v2\/product\/33264"}],"collection":[{"href":"https:\/\/martinez-perfume.com\/en\/wp-json\/wp\/v2\/product"}],"about":[{"href":"https:\/\/martinez-perfume.com\/en\/wp-json\/wp\/v2\/types\/product"}],"replies":[{"embeddable":true,"href":"https:\/\/martinez-perfume.com\/en\/wp-json\/wp\/v2\/comments?post=33264"}],"wp:featuredmedia":[{"embeddable":true,"href":"https:\/\/martinez-perfume.com\/en\/wp-json\/wp\/v2\/media\/33104"}],"wp:attachment":[{"href":"https:\/\/martinez-perfume.com\/en\/wp-json\/wp\/v2\/media?parent=33264"}],"wp:term":[{"taxonomy":"product_cat","embeddable":true,"href":"https:\/\/martinez-perfume.com\/en\/wp-json\/wp\/v2\/product_cat?post=33264"},{"taxonomy":"product_tag","embeddable":true,"href":"https:\/\/martinez-perfume.com\/en\/wp-json\/wp\/v2\/product_tag?post=33264"}],"curies":[{"name":"wp","href":"https:\/\/api.w.org\/{rel}","templated":true}]}}