{"id":33260,"date":"2020-12-18T11:37:31","date_gmt":"2020-12-18T09:37:31","guid":{"rendered":"https:\/\/martinez-perfume.com\/en\/product\/notas-olfativas-familia-parecidas-a-mojave-ghost-martinez-391\/"},"modified":"2020-12-18T11:37:31","modified_gmt":"2020-12-18T09:37:31","slug":"notas-olfativas-familia-parecidas-a-mojave-ghost-martinez-391","status":"publish","type":"product","link":"https:\/\/martinez-perfume.com\/en\/producto\/notas-olfativas-familia-parecidas-a-mojave-ghost-martinez-391\/?lang=es","title":{"rendered":"notas olfativas familia parecidas a MOJAVE GHOST <br> Martinez 391"},"content":{"rendered":"","protected":false},"excerpt":{"rendered":"<p>Incluso en los lugares m\u00e1s inh\u00f3spitos, hay vida. Este perfume est\u00e1 inspirado en una delicada flor del desierto que aporta belleza al paisaje \u00e1rido. Fuerte, y al mismo tiempo ef\u00edmero y fr\u00e1gil.<\/p>\n<p>Las Notas de Salida son n\u00edspero y ambrette (almizcle malva); las Notas de Coraz\u00f3n son magnolia, violeta y s\u00e1ndalo; las Notas de Fondo son \u00e1mbar gris y cedro.<\/p>\n","protected":false},"featured_media":33098,"comment_status":"open","ping_status":"closed","template":"","meta":{"_acf_changed":false,"_monsterinsights_skip_tracking":false,"_monsterinsights_sitenote_active":false,"_monsterinsights_sitenote_note":"","_monsterinsights_sitenote_category":0},"product_cat":[364,366,367,368],"product_tag":[],"acf":[],"aioseo_notices":[],"_links":{"self":[{"href":"https:\/\/martinez-perfume.com\/en\/wp-json\/wp\/v2\/product\/33260"}],"collection":[{"href":"https:\/\/martinez-perfume.com\/en\/wp-json\/wp\/v2\/product"}],"about":[{"href":"https:\/\/martinez-perfume.com\/en\/wp-json\/wp\/v2\/types\/product"}],"replies":[{"embeddable":true,"href":"https:\/\/martinez-perfume.com\/en\/wp-json\/wp\/v2\/comments?post=33260"}],"wp:featuredmedia":[{"embeddable":true,"href":"https:\/\/martinez-perfume.com\/en\/wp-json\/wp\/v2\/media\/33098"}],"wp:attachment":[{"href":"https:\/\/martinez-perfume.com\/en\/wp-json\/wp\/v2\/media?parent=33260"}],"wp:term":[{"taxonomy":"product_cat","embeddable":true,"href":"https:\/\/martinez-perfume.com\/en\/wp-json\/wp\/v2\/product_cat?post=33260"},{"taxonomy":"product_tag","embeddable":true,"href":"https:\/\/martinez-perfume.com\/en\/wp-json\/wp\/v2\/product_tag?post=33260"}],"curies":[{"name":"wp","href":"https:\/\/api.w.org\/{rel}","templated":true}]}}