{"id":33259,"date":"2020-12-18T11:44:37","date_gmt":"2020-12-18T09:44:37","guid":{"rendered":"https:\/\/martinez-perfume.com\/en\/product\/notas-olfativas-familia-parecidas-a-bal-dafrique-martinez-390\/"},"modified":"2020-12-18T11:44:37","modified_gmt":"2020-12-18T09:44:37","slug":"notas-olfativas-familia-parecidas-a-bal-dafrique-martinez-390","status":"publish","type":"product","link":"https:\/\/martinez-perfume.com\/en\/producto\/notas-olfativas-familia-parecidas-a-bal-dafrique-martinez-390\/?lang=es","title":{"rendered":"notas olfativas familia parecidas a Bal d&#8217;Afrique <br> Martinez 390"},"content":{"rendered":"","protected":false},"excerpt":{"rendered":"<p>Vetiver c\u00e1lido y rom\u00e1ntico inspirado en el Par\u00eds de finales de los a\u00f1os 20 y su enamoramiento por la cultura, el arte, la m\u00fasica y la danza africana. Una mezcla de vanguardia parisina y cultura africana dio forma a una expresi\u00f3n \u00fanica y vibrante. La vida intensa, el exceso y la euforia est\u00e1n ilustrados por el neroli, la cal\u00e9ndula africana y el cedro marroqu\u00ed.<\/p>\n<p>Las Notas de Salida son lim\u00f3n de Amalfi, tagetes, grosella negra, bergamota y flor de naranja africana; las Notas de Coraz\u00f3n son violeta, ciclamen y jazm\u00edn; las Notas de Fondo son vetiver, \u00e1mbar, almizcle y cedro de Virginia.<\/p>\n","protected":false},"featured_media":33098,"comment_status":"open","ping_status":"closed","template":"","meta":{"_acf_changed":false,"_monsterinsights_skip_tracking":false,"_monsterinsights_sitenote_active":false,"_monsterinsights_sitenote_note":"","_monsterinsights_sitenote_category":0},"product_cat":[364,366,367,368],"product_tag":[],"acf":[],"aioseo_notices":[],"_links":{"self":[{"href":"https:\/\/martinez-perfume.com\/en\/wp-json\/wp\/v2\/product\/33259"}],"collection":[{"href":"https:\/\/martinez-perfume.com\/en\/wp-json\/wp\/v2\/product"}],"about":[{"href":"https:\/\/martinez-perfume.com\/en\/wp-json\/wp\/v2\/types\/product"}],"replies":[{"embeddable":true,"href":"https:\/\/martinez-perfume.com\/en\/wp-json\/wp\/v2\/comments?post=33259"}],"wp:featuredmedia":[{"embeddable":true,"href":"https:\/\/martinez-perfume.com\/en\/wp-json\/wp\/v2\/media\/33098"}],"wp:attachment":[{"href":"https:\/\/martinez-perfume.com\/en\/wp-json\/wp\/v2\/media?parent=33259"}],"wp:term":[{"taxonomy":"product_cat","embeddable":true,"href":"https:\/\/martinez-perfume.com\/en\/wp-json\/wp\/v2\/product_cat?post=33259"},{"taxonomy":"product_tag","embeddable":true,"href":"https:\/\/martinez-perfume.com\/en\/wp-json\/wp\/v2\/product_tag?post=33259"}],"curies":[{"name":"wp","href":"https:\/\/api.w.org\/{rel}","templated":true}]}}