{"id":33257,"date":"2020-12-18T12:03:51","date_gmt":"2020-12-18T10:03:51","guid":{"rendered":"https:\/\/martinez-perfume.com\/en\/product\/notas-olfativas-familia-parecida-a-omnia-crystalline-martinez-381\/"},"modified":"2020-12-18T12:03:51","modified_gmt":"2020-12-18T10:03:51","slug":"notas-olfativas-familia-parecida-a-omnia-crystalline-martinez-381","status":"publish","type":"product","link":"https:\/\/martinez-perfume.com\/en\/producto\/notas-olfativas-familia-parecida-a-omnia-crystalline-martinez-381\/?lang=es","title":{"rendered":"notas olfativas familia parecida a Omnia Crystalline <br> Martinez 381"},"content":{"rendered":"","protected":false},"excerpt":{"rendered":"<p>Creado a partir de la claridad brillante y la pureza del cristal, capturando la transparencia de las flores de loto, la frescura afrutada del nashi y la cremosidad de la madera de balsa. Aroma refinado, puro y cristalino, te dar\u00e1 un brillo especial y te acompa\u00f1ar\u00e1 durante todo el d\u00eda. Destinado a la mujer ic\u00f3nica y femenina que se siente complacida con su lugar en el mundo.<\/p>\n<p>Las Notas de Salida son bamb\u00fa y pera; las Notas de Coraz\u00f3n son Lotus, Tea y Cassia; las Notas de Fondo son almizcle, madera de guayaco y musgo de roble.<\/p>\n","protected":false},"featured_media":33182,"comment_status":"open","ping_status":"closed","template":"","meta":{"_acf_changed":false,"_monsterinsights_skip_tracking":false,"_monsterinsights_sitenote_active":false,"_monsterinsights_sitenote_note":"","_monsterinsights_sitenote_category":0},"product_cat":[364,367],"product_tag":[],"acf":[],"aioseo_notices":[],"_links":{"self":[{"href":"https:\/\/martinez-perfume.com\/en\/wp-json\/wp\/v2\/product\/33257"}],"collection":[{"href":"https:\/\/martinez-perfume.com\/en\/wp-json\/wp\/v2\/product"}],"about":[{"href":"https:\/\/martinez-perfume.com\/en\/wp-json\/wp\/v2\/types\/product"}],"replies":[{"embeddable":true,"href":"https:\/\/martinez-perfume.com\/en\/wp-json\/wp\/v2\/comments?post=33257"}],"wp:featuredmedia":[{"embeddable":true,"href":"https:\/\/martinez-perfume.com\/en\/wp-json\/wp\/v2\/media\/33182"}],"wp:attachment":[{"href":"https:\/\/martinez-perfume.com\/en\/wp-json\/wp\/v2\/media?parent=33257"}],"wp:term":[{"taxonomy":"product_cat","embeddable":true,"href":"https:\/\/martinez-perfume.com\/en\/wp-json\/wp\/v2\/product_cat?post=33257"},{"taxonomy":"product_tag","embeddable":true,"href":"https:\/\/martinez-perfume.com\/en\/wp-json\/wp\/v2\/product_tag?post=33257"}],"curies":[{"name":"wp","href":"https:\/\/api.w.org\/{rel}","templated":true}]}}