{"id":33256,"date":"2020-12-18T13:12:01","date_gmt":"2020-12-18T11:12:01","guid":{"rendered":"https:\/\/martinez-perfume.com\/en\/product\/notas-olfativas-familia-parecidas-a-mon-guerlain-martinez-366\/"},"modified":"2020-12-18T13:12:01","modified_gmt":"2020-12-18T11:12:01","slug":"notas-olfativas-familia-parecidas-a-mon-guerlain-martinez-366","status":"publish","type":"product","link":"https:\/\/martinez-perfume.com\/en\/producto\/notas-olfativas-familia-parecidas-a-mon-guerlain-martinez-366\/?lang=es","title":{"rendered":"notas olfativas familia parecidas a MON GUERLAIN <br> Martinez 366"},"content":{"rendered":"","protected":false},"excerpt":{"rendered":"<p>Para la mujer de hoy que se desarrolla en todos los campos de la vida. Libre, dedicado y en\u00e9rgico, pero al mismo tiempo tierno, seductor y delicado. Un aroma que dejar\u00e1 su huella tras de ti.<\/p>\n<p>Las Notas de Salida son lavanda y bergamota; las Notas de Coraz\u00f3n son iris, jazm\u00edn sambac y rosa; las Notas de Fondo son vainilla de Tahit\u00ed, cumarina, s\u00e1ndalo australiano, benju\u00ed, regaliz y pachul\u00ed.<\/p>\n","protected":false},"featured_media":33104,"comment_status":"open","ping_status":"closed","template":"","meta":{"_acf_changed":false,"_monsterinsights_skip_tracking":false,"_monsterinsights_sitenote_active":false,"_monsterinsights_sitenote_note":"","_monsterinsights_sitenote_category":0},"product_cat":[364,367],"product_tag":[],"acf":[],"aioseo_notices":[],"_links":{"self":[{"href":"https:\/\/martinez-perfume.com\/en\/wp-json\/wp\/v2\/product\/33256"}],"collection":[{"href":"https:\/\/martinez-perfume.com\/en\/wp-json\/wp\/v2\/product"}],"about":[{"href":"https:\/\/martinez-perfume.com\/en\/wp-json\/wp\/v2\/types\/product"}],"replies":[{"embeddable":true,"href":"https:\/\/martinez-perfume.com\/en\/wp-json\/wp\/v2\/comments?post=33256"}],"wp:featuredmedia":[{"embeddable":true,"href":"https:\/\/martinez-perfume.com\/en\/wp-json\/wp\/v2\/media\/33104"}],"wp:attachment":[{"href":"https:\/\/martinez-perfume.com\/en\/wp-json\/wp\/v2\/media?parent=33256"}],"wp:term":[{"taxonomy":"product_cat","embeddable":true,"href":"https:\/\/martinez-perfume.com\/en\/wp-json\/wp\/v2\/product_cat?post=33256"},{"taxonomy":"product_tag","embeddable":true,"href":"https:\/\/martinez-perfume.com\/en\/wp-json\/wp\/v2\/product_tag?post=33256"}],"curies":[{"name":"wp","href":"https:\/\/api.w.org\/{rel}","templated":true}]}}