{"id":33254,"date":"2020-12-18T13:30:51","date_gmt":"2020-12-18T11:30:51","guid":{"rendered":"https:\/\/martinez-perfume.com\/en\/product\/notas-olfativas-familia-parecidas-a-bois-dargent-martinez-364\/"},"modified":"2020-12-18T13:30:51","modified_gmt":"2020-12-18T11:30:51","slug":"notas-olfativas-familia-parecidas-a-bois-dargent-martinez-364","status":"publish","type":"product","link":"https:\/\/martinez-perfume.com\/en\/producto\/notas-olfativas-familia-parecidas-a-bois-dargent-martinez-364\/?lang=es","title":{"rendered":"notas olfativas familia parecidas a BOIS D&#8217;ARGENT <br> Martinez 364"},"content":{"rendered":"","protected":false},"excerpt":{"rendered":"<p>Es una fragancia unisex que crea su propia historia y te invita a hacer lo mismo. \u00bfFemenino Masculino? No toma partido: es una fragancia que despierta el deseo y la curiosidad. Sensual. Bois d&#8217;Argent combina el Iris masculino con el incienso femenino. Su fragancia invita a vestirse con una suave elegancia. El poderoso aroma sensualmente, envuelto en una m\u00edstica calidad ahumada, le da a la fragancia una personalidad sorprendentemente inolvidable.<\/p>\n<p>Las Notas de Salida son iris, cipr\u00e9s y bayas de enebro; las Notas de Coraz\u00f3n son mirra y pachul\u00ed; las Notas de Fondo son notas amaderadas, miel, vainilla, \u00e1mbar, resinas, almizcle y cuero.<\/p>\n","protected":false},"featured_media":33098,"comment_status":"open","ping_status":"closed","template":"","meta":{"_acf_changed":false,"_monsterinsights_skip_tracking":false,"_monsterinsights_sitenote_active":false,"_monsterinsights_sitenote_note":"","_monsterinsights_sitenote_category":0},"product_cat":[364,365,366,367,368],"product_tag":[],"acf":[],"aioseo_notices":[],"_links":{"self":[{"href":"https:\/\/martinez-perfume.com\/en\/wp-json\/wp\/v2\/product\/33254"}],"collection":[{"href":"https:\/\/martinez-perfume.com\/en\/wp-json\/wp\/v2\/product"}],"about":[{"href":"https:\/\/martinez-perfume.com\/en\/wp-json\/wp\/v2\/types\/product"}],"replies":[{"embeddable":true,"href":"https:\/\/martinez-perfume.com\/en\/wp-json\/wp\/v2\/comments?post=33254"}],"wp:featuredmedia":[{"embeddable":true,"href":"https:\/\/martinez-perfume.com\/en\/wp-json\/wp\/v2\/media\/33098"}],"wp:attachment":[{"href":"https:\/\/martinez-perfume.com\/en\/wp-json\/wp\/v2\/media?parent=33254"}],"wp:term":[{"taxonomy":"product_cat","embeddable":true,"href":"https:\/\/martinez-perfume.com\/en\/wp-json\/wp\/v2\/product_cat?post=33254"},{"taxonomy":"product_tag","embeddable":true,"href":"https:\/\/martinez-perfume.com\/en\/wp-json\/wp\/v2\/product_tag?post=33254"}],"curies":[{"name":"wp","href":"https:\/\/api.w.org\/{rel}","templated":true}]}}