{"id":33251,"date":"2020-12-18T13:50:03","date_gmt":"2020-12-18T11:50:03","guid":{"rendered":"https:\/\/martinez-perfume.com\/en\/product\/notas-olfativas-parecidas-a-chica-buena-que-se-ha-vuelto-mala-martinez-355\/"},"modified":"2021-08-03T10:53:00","modified_gmt":"2021-08-03T07:53:00","slug":"notas-olfativas-parecidas-a-chica-buena-que-se-ha-vuelto-mala-martinez-355","status":"publish","type":"product","link":"https:\/\/martinez-perfume.com\/en\/producto\/notas-olfativas-parecidas-a-chica-buena-que-se-ha-vuelto-mala-martinez-355\/?lang=es","title":{"rendered":"notas olfativas parecidas a GOOD GIRL GONE BAD <br> Martinez 355"},"content":{"rendered":"","protected":false},"excerpt":{"rendered":"<p>Medio inocente, medio voluptuoso, el absoluto de osmanthus te\u00f1ido de albaricoque, el azahar y el absoluto de rosa de mayo que abren la fragancia est\u00e1n en deuda con la \u00faltima tentadora: una explosi\u00f3n de las tres sirenas de las flores: absoluto de nardos, jazm\u00edn y narciso. .<\/p>\n<p>Las notas superiores son osmanthus, jazm\u00edn y rosa de mayo; las Notas de Coraz\u00f3n son Tuberosa de la India y Narciso; las Notas de Fondo son \u00e1mbar y cedro.<\/p>\n","protected":false},"featured_media":33100,"comment_status":"open","ping_status":"closed","template":"","meta":{"_acf_changed":false,"_monsterinsights_skip_tracking":false,"_monsterinsights_sitenote_active":false,"_monsterinsights_sitenote_note":"","_monsterinsights_sitenote_category":0},"product_cat":[364,367],"product_tag":[],"acf":[],"aioseo_notices":[],"_links":{"self":[{"href":"https:\/\/martinez-perfume.com\/en\/wp-json\/wp\/v2\/product\/33251"}],"collection":[{"href":"https:\/\/martinez-perfume.com\/en\/wp-json\/wp\/v2\/product"}],"about":[{"href":"https:\/\/martinez-perfume.com\/en\/wp-json\/wp\/v2\/types\/product"}],"replies":[{"embeddable":true,"href":"https:\/\/martinez-perfume.com\/en\/wp-json\/wp\/v2\/comments?post=33251"}],"wp:featuredmedia":[{"embeddable":true,"href":"https:\/\/martinez-perfume.com\/en\/wp-json\/wp\/v2\/media\/33100"}],"wp:attachment":[{"href":"https:\/\/martinez-perfume.com\/en\/wp-json\/wp\/v2\/media?parent=33251"}],"wp:term":[{"taxonomy":"product_cat","embeddable":true,"href":"https:\/\/martinez-perfume.com\/en\/wp-json\/wp\/v2\/product_cat?post=33251"},{"taxonomy":"product_tag","embeddable":true,"href":"https:\/\/martinez-perfume.com\/en\/wp-json\/wp\/v2\/product_tag?post=33251"}],"curies":[{"name":"wp","href":"https:\/\/api.w.org\/{rel}","templated":true}]}}