{"id":33250,"date":"2020-12-18T14:13:52","date_gmt":"2020-12-18T12:13:52","guid":{"rendered":"https:\/\/martinez-perfume.com\/en\/product\/notas-olfativas-familia-parecida-a-love-dont-be-shy-martinez-350\/"},"modified":"2022-10-03T16:41:56","modified_gmt":"2022-10-03T13:41:56","slug":"notas-olfativas-familia-parecida-a-love-dont-be-shy-martinez-350","status":"publish","type":"product","link":"https:\/\/martinez-perfume.com\/en\/producto\/notas-olfativas-familia-parecida-a-love-dont-be-shy-martinez-350\/?lang=es","title":{"rendered":"notas olfativas familia parecida a LOVE DON&#8217;T BE SHY <br> Martinez 350"},"content":{"rendered":"","protected":false},"excerpt":{"rendered":"<p>La inocencia del primer amor se da a conocer con la jugosa madreselva y la lujosa rosa acariciada suavemente por la dulzura del delicioso acorde de az\u00facar de malvavisco, satisfaciendo el ansia de un nuevo amor. Una c\u00e1lida base de \u00e1mbar le da un toque palpitante de sensualidad, insinuando la posibilidad de conocer pronto a otra alma, por dentro y por fuera.<\/p>\n<p>Las Notas de Salida son neroli, petitgrain; las Notas de Coraz\u00f3n son peon\u00eda, fresia, jazm\u00edn y las notas de fondo son malvavisco, almizcle blanco<\/p>\n","protected":false},"featured_media":33104,"comment_status":"open","ping_status":"closed","template":"","meta":{"_acf_changed":false,"_monsterinsights_skip_tracking":false,"_monsterinsights_sitenote_active":false,"_monsterinsights_sitenote_note":"","_monsterinsights_sitenote_category":0},"product_cat":[364,367],"product_tag":[],"acf":[],"aioseo_notices":[],"_links":{"self":[{"href":"https:\/\/martinez-perfume.com\/en\/wp-json\/wp\/v2\/product\/33250"}],"collection":[{"href":"https:\/\/martinez-perfume.com\/en\/wp-json\/wp\/v2\/product"}],"about":[{"href":"https:\/\/martinez-perfume.com\/en\/wp-json\/wp\/v2\/types\/product"}],"replies":[{"embeddable":true,"href":"https:\/\/martinez-perfume.com\/en\/wp-json\/wp\/v2\/comments?post=33250"}],"wp:featuredmedia":[{"embeddable":true,"href":"https:\/\/martinez-perfume.com\/en\/wp-json\/wp\/v2\/media\/33104"}],"wp:attachment":[{"href":"https:\/\/martinez-perfume.com\/en\/wp-json\/wp\/v2\/media?parent=33250"}],"wp:term":[{"taxonomy":"product_cat","embeddable":true,"href":"https:\/\/martinez-perfume.com\/en\/wp-json\/wp\/v2\/product_cat?post=33250"},{"taxonomy":"product_tag","embeddable":true,"href":"https:\/\/martinez-perfume.com\/en\/wp-json\/wp\/v2\/product_tag?post=33250"}],"curies":[{"name":"wp","href":"https:\/\/api.w.org\/{rel}","templated":true}]}}