{"id":33248,"date":"2020-12-18T14:18:37","date_gmt":"2020-12-18T12:18:37","guid":{"rendered":"https:\/\/martinez-perfume.com\/en\/product\/familia-de-notas-olfativas-parecidas-a-intense-cafe-martinez-340\/"},"modified":"2021-12-11T14:50:16","modified_gmt":"2021-12-11T12:50:16","slug":"familia-de-notas-olfativas-parecidas-a-intense-cafe-martinez-340","status":"publish","type":"product","link":"https:\/\/martinez-perfume.com\/en\/producto\/familia-de-notas-olfativas-parecidas-a-intense-cafe-martinez-340\/?lang=es","title":{"rendered":"familia de notas olfativas parecidas a INTENSE CAFE <br> Martinez 340"},"content":{"rendered":"","protected":false},"excerpt":{"rendered":"<p>El perfume se abre con una r\u00e1faga perfecta de caf\u00e9 reci\u00e9n hecho que te dejar\u00e1 sin aliento. La floritura de los granos de caf\u00e9 se combina con una rosa vegetal fresca. Los dos se combinan para una nota de salida inesperadamente seca y refrescante. A medida que el caf\u00e9 se ablanda, surge un almizcle blanco vain\u00edlico que endulza ligeramente la infusi\u00f3n con solo un toque de crema y az\u00facar. Este gourmand adictivo y sorprendente es adecuado tanto para hombres como para mujeres y es la soluci\u00f3n perfecta para el adicto al caf\u00e9 que todos llevamos dentro.<\/p>\n<p>La nota m\u00e1s alta es notas florales; las notas medias son rosa y caf\u00e9; las notas de fondo son vainilla, almizcle blanco y \u00e1mbar.<\/p>\n","protected":false},"featured_media":33098,"comment_status":"open","ping_status":"closed","template":"","meta":{"_acf_changed":false,"_monsterinsights_skip_tracking":false,"_monsterinsights_sitenote_active":false,"_monsterinsights_sitenote_note":"","_monsterinsights_sitenote_category":0},"product_cat":[364,365,366,367,368],"product_tag":[],"acf":[],"aioseo_notices":[],"_links":{"self":[{"href":"https:\/\/martinez-perfume.com\/en\/wp-json\/wp\/v2\/product\/33248"}],"collection":[{"href":"https:\/\/martinez-perfume.com\/en\/wp-json\/wp\/v2\/product"}],"about":[{"href":"https:\/\/martinez-perfume.com\/en\/wp-json\/wp\/v2\/types\/product"}],"replies":[{"embeddable":true,"href":"https:\/\/martinez-perfume.com\/en\/wp-json\/wp\/v2\/comments?post=33248"}],"wp:featuredmedia":[{"embeddable":true,"href":"https:\/\/martinez-perfume.com\/en\/wp-json\/wp\/v2\/media\/33098"}],"wp:attachment":[{"href":"https:\/\/martinez-perfume.com\/en\/wp-json\/wp\/v2\/media?parent=33248"}],"wp:term":[{"taxonomy":"product_cat","embeddable":true,"href":"https:\/\/martinez-perfume.com\/en\/wp-json\/wp\/v2\/product_cat?post=33248"},{"taxonomy":"product_tag","embeddable":true,"href":"https:\/\/martinez-perfume.com\/en\/wp-json\/wp\/v2\/product_tag?post=33248"}],"curies":[{"name":"wp","href":"https:\/\/api.w.org\/{rel}","templated":true}]}}