{"id":33245,"date":"2020-12-18T15:01:41","date_gmt":"2020-12-18T13:01:41","guid":{"rendered":"https:\/\/martinez-perfume.com\/en\/product\/notas-olfativas-familiares-parecidas-a-good-girl-martinez-324\/"},"modified":"2020-12-18T15:01:41","modified_gmt":"2020-12-18T13:01:41","slug":"notas-olfativas-familiares-parecidas-a-good-girl-martinez-324","status":"publish","type":"product","link":"https:\/\/martinez-perfume.com\/en\/producto\/notas-olfativas-familiares-parecidas-a-good-girl-martinez-324\/?lang=es","title":{"rendered":"notas olfativas familiares parecidas a Good Girl <br> Martinez 324"},"content":{"rendered":"","protected":false},"excerpt":{"rendered":"<p>Blanco y negro &#8230; buena chica, mala chica, es una fragancia sensual y evocadora que nace de las bellas contradicciones y la dualidad siempre presente de la mujer moderna y la vida moderna. Esta fragancia innovadora, fresca a la vez clara y oscura, captura la maravillosa complejidad de una mujer con ingredientes sorprendentes y excepcionales. Las dulces y seductoras cualidades del jazm\u00edn le dan brillo y feminidad. El lado m\u00e1s oscuro se crea con cacao ricamente fragante y tonka embriagador. La almendra y el caf\u00e9 traen el aroma de su vitalidad inmediata.<\/p>\n<p>Las Notas de Salida son almendra, caf\u00e9, bergamota y lim\u00f3n; las Notas de Coraz\u00f3n son nardosos, jazm\u00edn sambac, orris, azahar y rosa b\u00falgara; las Notas de Fondo son haba tonka, cacao, vainilla, pralin\u00e9, s\u00e1ndalo, \u00e1mbar, almizcle, madera de cachemira, pachul\u00ed, canela y cedro.<\/p>\n","protected":false},"featured_media":33104,"comment_status":"open","ping_status":"closed","template":"","meta":{"_acf_changed":false,"_monsterinsights_skip_tracking":false,"_monsterinsights_sitenote_active":false,"_monsterinsights_sitenote_note":"","_monsterinsights_sitenote_category":0},"product_cat":[364,367],"product_tag":[],"acf":[],"aioseo_notices":[],"_links":{"self":[{"href":"https:\/\/martinez-perfume.com\/en\/wp-json\/wp\/v2\/product\/33245"}],"collection":[{"href":"https:\/\/martinez-perfume.com\/en\/wp-json\/wp\/v2\/product"}],"about":[{"href":"https:\/\/martinez-perfume.com\/en\/wp-json\/wp\/v2\/types\/product"}],"replies":[{"embeddable":true,"href":"https:\/\/martinez-perfume.com\/en\/wp-json\/wp\/v2\/comments?post=33245"}],"wp:featuredmedia":[{"embeddable":true,"href":"https:\/\/martinez-perfume.com\/en\/wp-json\/wp\/v2\/media\/33104"}],"wp:attachment":[{"href":"https:\/\/martinez-perfume.com\/en\/wp-json\/wp\/v2\/media?parent=33245"}],"wp:term":[{"taxonomy":"product_cat","embeddable":true,"href":"https:\/\/martinez-perfume.com\/en\/wp-json\/wp\/v2\/product_cat?post=33245"},{"taxonomy":"product_tag","embeddable":true,"href":"https:\/\/martinez-perfume.com\/en\/wp-json\/wp\/v2\/product_tag?post=33245"}],"curies":[{"name":"wp","href":"https:\/\/api.w.org\/{rel}","templated":true}]}}