{"id":33244,"date":"2020-12-18T15:04:24","date_gmt":"2020-12-18T13:04:24","guid":{"rendered":"https:\/\/martinez-perfume.com\/en\/product\/notas-olfativas-familia-parecidas-a-olympea-martinez-307\/"},"modified":"2020-12-18T15:04:24","modified_gmt":"2020-12-18T13:04:24","slug":"notas-olfativas-familia-parecidas-a-olympea-martinez-307","status":"publish","type":"product","link":"https:\/\/martinez-perfume.com\/en\/producto\/notas-olfativas-familia-parecidas-a-olympea-martinez-307\/?lang=es","title":{"rendered":"notas olfativas familia parecidas a Olymp\u00e9a <br> Martinez 307"},"content":{"rendered":"","protected":false},"excerpt":{"rendered":"<p>El aroma del perfume cautiva y fascina. Problemas en el paraiso. Una fragancia sensual con notas de vainilla carnal salada, a la que uno se inclina. Reina sexy.<\/p>\n<p>Las Notas de Salida son jazm\u00edn de agua, mandarina verde y flor de jengibre; las Notas de Coraz\u00f3n son vainilla y sal; las Notas de Fondo son madera de cachemira, \u00e1mbar gris y s\u00e1ndalo.<\/p>\n","protected":false},"featured_media":33104,"comment_status":"open","ping_status":"closed","template":"","meta":{"_acf_changed":false,"_monsterinsights_skip_tracking":false,"_monsterinsights_sitenote_active":false,"_monsterinsights_sitenote_note":"","_monsterinsights_sitenote_category":0},"product_cat":[364,367],"product_tag":[],"acf":[],"aioseo_notices":[],"_links":{"self":[{"href":"https:\/\/martinez-perfume.com\/en\/wp-json\/wp\/v2\/product\/33244"}],"collection":[{"href":"https:\/\/martinez-perfume.com\/en\/wp-json\/wp\/v2\/product"}],"about":[{"href":"https:\/\/martinez-perfume.com\/en\/wp-json\/wp\/v2\/types\/product"}],"replies":[{"embeddable":true,"href":"https:\/\/martinez-perfume.com\/en\/wp-json\/wp\/v2\/comments?post=33244"}],"wp:featuredmedia":[{"embeddable":true,"href":"https:\/\/martinez-perfume.com\/en\/wp-json\/wp\/v2\/media\/33104"}],"wp:attachment":[{"href":"https:\/\/martinez-perfume.com\/en\/wp-json\/wp\/v2\/media?parent=33244"}],"wp:term":[{"taxonomy":"product_cat","embeddable":true,"href":"https:\/\/martinez-perfume.com\/en\/wp-json\/wp\/v2\/product_cat?post=33244"},{"taxonomy":"product_tag","embeddable":true,"href":"https:\/\/martinez-perfume.com\/en\/wp-json\/wp\/v2\/product_tag?post=33244"}],"curies":[{"name":"wp","href":"https:\/\/api.w.org\/{rel}","templated":true}]}}