{"id":33243,"date":"2020-12-18T15:08:34","date_gmt":"2020-12-18T13:08:34","guid":{"rendered":"https:\/\/martinez-perfume.com\/en\/product\/notas-olfativas-familia-parecidas-a-pure-xs-martinez-306\/"},"modified":"2020-12-18T15:08:34","modified_gmt":"2020-12-18T13:08:34","slug":"notas-olfativas-familia-parecidas-a-pure-xs-martinez-306","status":"publish","type":"product","link":"https:\/\/martinez-perfume.com\/en\/producto\/notas-olfativas-familia-parecidas-a-pure-xs-martinez-306\/?lang=es","title":{"rendered":"notas olfativas familia parecidas a Pure XS <br> Martinez 306"},"content":{"rendered":"","protected":false},"excerpt":{"rendered":"<p>Este sensual perfume fascina y llena los sentidos. Fragancias de flores de Ylang con instinto carnal. Una explosi\u00f3n de palomitas de ma\u00edz. Exceso en estado puro. Cuando los sentidos se encienden, los pensamientos se vuelven locos. Exceso en estado puro.<\/p>\n<p>Las Notas de Salida son jengibre, tomillo, pomelo, bergamota y acorde verde; las Notas de Coraz\u00f3n son vainilla, licor, canela, cuero y manzana; las Notas de Fondo son mirra, az\u00facar, cedro, notas amaderadas, pachul\u00ed y cachemira.<\/p>\n","protected":false},"featured_media":33104,"comment_status":"open","ping_status":"closed","template":"","meta":{"_acf_changed":false,"_monsterinsights_skip_tracking":false,"_monsterinsights_sitenote_active":false,"_monsterinsights_sitenote_note":"","_monsterinsights_sitenote_category":0},"product_cat":[364,367],"product_tag":[],"acf":[],"aioseo_notices":[],"_links":{"self":[{"href":"https:\/\/martinez-perfume.com\/en\/wp-json\/wp\/v2\/product\/33243"}],"collection":[{"href":"https:\/\/martinez-perfume.com\/en\/wp-json\/wp\/v2\/product"}],"about":[{"href":"https:\/\/martinez-perfume.com\/en\/wp-json\/wp\/v2\/types\/product"}],"replies":[{"embeddable":true,"href":"https:\/\/martinez-perfume.com\/en\/wp-json\/wp\/v2\/comments?post=33243"}],"wp:featuredmedia":[{"embeddable":true,"href":"https:\/\/martinez-perfume.com\/en\/wp-json\/wp\/v2\/media\/33104"}],"wp:attachment":[{"href":"https:\/\/martinez-perfume.com\/en\/wp-json\/wp\/v2\/media?parent=33243"}],"wp:term":[{"taxonomy":"product_cat","embeddable":true,"href":"https:\/\/martinez-perfume.com\/en\/wp-json\/wp\/v2\/product_cat?post=33243"},{"taxonomy":"product_tag","embeddable":true,"href":"https:\/\/martinez-perfume.com\/en\/wp-json\/wp\/v2\/product_tag?post=33243"}],"curies":[{"name":"wp","href":"https:\/\/api.w.org\/{rel}","templated":true}]}}