{"id":33242,"date":"2020-12-18T15:10:46","date_gmt":"2020-12-18T13:10:46","guid":{"rendered":"https:\/\/martinez-perfume.com\/en\/product\/notas-olfativas-familia-parecidas-a-baccarat-rouge-martinez-304\/"},"modified":"2020-12-18T15:10:46","modified_gmt":"2020-12-18T13:10:46","slug":"notas-olfativas-familia-parecidas-a-baccarat-rouge-martinez-304","status":"publish","type":"product","link":"https:\/\/martinez-perfume.com\/en\/producto\/notas-olfativas-familia-parecidas-a-baccarat-rouge-martinez-304\/?lang=es","title":{"rendered":"notas olfativas familia parecidas a BACCARAT ROUGE <br> Martinez 304"},"content":{"rendered":"","protected":false},"excerpt":{"rendered":"<p>Una fragancia floral oriental \u00fanica, adecuada tanto para hombres como para mujeres, se posa sobre la piel como una brisa floral y amaderada donde las notas a\u00e9reas del jazm\u00edn y el resplandor del azafr\u00e1n llevan facetas minerales de \u00e1mbar gris y tonos amaderados de madera de cedro reci\u00e9n cortada.<\/p>\n<p>Las Notas de Salida son azafr\u00e1n y jazm\u00edn; las Notas de Coraz\u00f3n son Amberwood y Ambergris; las Notas de Fondo son resina de abeto y cedro.<\/p>\n","protected":false},"featured_media":33098,"comment_status":"open","ping_status":"closed","template":"","meta":{"_acf_changed":false,"_monsterinsights_skip_tracking":false,"_monsterinsights_sitenote_active":false,"_monsterinsights_sitenote_note":"","_monsterinsights_sitenote_category":0},"product_cat":[364,365,366,367,368],"product_tag":[],"acf":[],"aioseo_notices":[],"_links":{"self":[{"href":"https:\/\/martinez-perfume.com\/en\/wp-json\/wp\/v2\/product\/33242"}],"collection":[{"href":"https:\/\/martinez-perfume.com\/en\/wp-json\/wp\/v2\/product"}],"about":[{"href":"https:\/\/martinez-perfume.com\/en\/wp-json\/wp\/v2\/types\/product"}],"replies":[{"embeddable":true,"href":"https:\/\/martinez-perfume.com\/en\/wp-json\/wp\/v2\/comments?post=33242"}],"wp:featuredmedia":[{"embeddable":true,"href":"https:\/\/martinez-perfume.com\/en\/wp-json\/wp\/v2\/media\/33098"}],"wp:attachment":[{"href":"https:\/\/martinez-perfume.com\/en\/wp-json\/wp\/v2\/media?parent=33242"}],"wp:term":[{"taxonomy":"product_cat","embeddable":true,"href":"https:\/\/martinez-perfume.com\/en\/wp-json\/wp\/v2\/product_cat?post=33242"},{"taxonomy":"product_tag","embeddable":true,"href":"https:\/\/martinez-perfume.com\/en\/wp-json\/wp\/v2\/product_tag?post=33242"}],"curies":[{"name":"wp","href":"https:\/\/api.w.org\/{rel}","templated":true}]}}