{"id":33238,"date":"2020-12-18T15:20:07","date_gmt":"2020-12-18T13:20:07","guid":{"rendered":"https:\/\/martinez-perfume.com\/en\/product\/notas-olfativas-familia-parecidas-a-black-afgano-martinez-300\/"},"modified":"2020-12-18T15:20:07","modified_gmt":"2020-12-18T13:20:07","slug":"notas-olfativas-familia-parecidas-a-black-afgano-martinez-300","status":"publish","type":"product","link":"https:\/\/martinez-perfume.com\/en\/producto\/notas-olfativas-familia-parecidas-a-black-afgano-martinez-300\/?lang=es","title":{"rendered":"notas olfativas familia parecidas a BLACK AFGANO <br> Martinez 300"},"content":{"rendered":"","protected":false},"excerpt":{"rendered":"<p>Una fragancia con mucha personalidad; si te atreves a probarlo te cautivar\u00e1. Llama la atenci\u00f3n all\u00e1 donde vayas con un aroma explosivo e ic\u00f3nico que ha dejado claro un antes y un despu\u00e9s en el mundo de los perfumes.<\/p>\n<p>Las Notas de Salida son cannabis y Notas Verdes; las Notas de Coraz\u00f3n son resinas, notas amaderadas, tabaco y caf\u00e9; las Notas de Fondo son madera de agar (Oud) e incienso.<\/p>\n","protected":false},"featured_media":33239,"comment_status":"open","ping_status":"closed","template":"","meta":{"_acf_changed":false,"_monsterinsights_skip_tracking":false,"_monsterinsights_sitenote_active":false,"_monsterinsights_sitenote_note":"","_monsterinsights_sitenote_category":0},"product_cat":[364,365,366,367,368],"product_tag":[],"acf":[],"aioseo_notices":[],"_links":{"self":[{"href":"https:\/\/martinez-perfume.com\/en\/wp-json\/wp\/v2\/product\/33238"}],"collection":[{"href":"https:\/\/martinez-perfume.com\/en\/wp-json\/wp\/v2\/product"}],"about":[{"href":"https:\/\/martinez-perfume.com\/en\/wp-json\/wp\/v2\/types\/product"}],"replies":[{"embeddable":true,"href":"https:\/\/martinez-perfume.com\/en\/wp-json\/wp\/v2\/comments?post=33238"}],"wp:featuredmedia":[{"embeddable":true,"href":"https:\/\/martinez-perfume.com\/en\/wp-json\/wp\/v2\/media\/33239"}],"wp:attachment":[{"href":"https:\/\/martinez-perfume.com\/en\/wp-json\/wp\/v2\/media?parent=33238"}],"wp:term":[{"taxonomy":"product_cat","embeddable":true,"href":"https:\/\/martinez-perfume.com\/en\/wp-json\/wp\/v2\/product_cat?post=33238"},{"taxonomy":"product_tag","embeddable":true,"href":"https:\/\/martinez-perfume.com\/en\/wp-json\/wp\/v2\/product_tag?post=33238"}],"curies":[{"name":"wp","href":"https:\/\/api.w.org\/{rel}","templated":true}]}}