{"id":33236,"date":"2020-12-18T15:24:05","date_gmt":"2020-12-18T13:24:05","guid":{"rendered":"https:\/\/martinez-perfume.com\/en\/product\/notas-olfativas-de-la-familia-parecidas-a-black-orchid-martinez-298\/"},"modified":"2023-12-12T14:16:01","modified_gmt":"2023-12-12T12:16:01","slug":"notas-olfativas-de-la-familia-parecidas-a-black-orchid-martinez-298","status":"publish","type":"product","link":"https:\/\/martinez-perfume.com\/en\/producto\/notas-olfativas-de-la-familia-parecidas-a-black-orchid-martinez-298\/?lang=es","title":{"rendered":"notas olfativas de la familia parecidas a Black Orchid <br> Martinez 298"},"content":{"rendered":"","protected":false},"excerpt":{"rendered":"<p>El lujo y la sensualidad est\u00e1n contenidos en un solo frasco con esta fragancia que ser\u00e1 el complemento perfecto para una noche elegante. Dale a tu look un toque de sorprendente misterio.<\/p>\n<p>Las Notas de Salida son trufa, gardenia, grosella negra, ylang-ylang, jazm\u00edn, bergamota, mandarina y lim\u00f3n de Amalfi; las Notas de Coraz\u00f3n son orqu\u00eddea, especias, gardenia, notas afrutadas, ylang-ylang, jazm\u00edn y loto; las Notas de Fondo son chocolate mexicano, pachul\u00ed, vainilla, incienso, \u00e1mbar, s\u00e1ndalo, vetiver y almizcle blanco.<\/p>\n","protected":false},"featured_media":33098,"comment_status":"open","ping_status":"closed","template":"","meta":{"_acf_changed":false,"_monsterinsights_skip_tracking":false,"_monsterinsights_sitenote_active":false,"_monsterinsights_sitenote_note":"","_monsterinsights_sitenote_category":0},"product_cat":[364,365,366,367,368],"product_tag":[],"acf":[],"aioseo_notices":[],"_links":{"self":[{"href":"https:\/\/martinez-perfume.com\/en\/wp-json\/wp\/v2\/product\/33236"}],"collection":[{"href":"https:\/\/martinez-perfume.com\/en\/wp-json\/wp\/v2\/product"}],"about":[{"href":"https:\/\/martinez-perfume.com\/en\/wp-json\/wp\/v2\/types\/product"}],"replies":[{"embeddable":true,"href":"https:\/\/martinez-perfume.com\/en\/wp-json\/wp\/v2\/comments?post=33236"}],"wp:featuredmedia":[{"embeddable":true,"href":"https:\/\/martinez-perfume.com\/en\/wp-json\/wp\/v2\/media\/33098"}],"wp:attachment":[{"href":"https:\/\/martinez-perfume.com\/en\/wp-json\/wp\/v2\/media?parent=33236"}],"wp:term":[{"taxonomy":"product_cat","embeddable":true,"href":"https:\/\/martinez-perfume.com\/en\/wp-json\/wp\/v2\/product_cat?post=33236"},{"taxonomy":"product_tag","embeddable":true,"href":"https:\/\/martinez-perfume.com\/en\/wp-json\/wp\/v2\/product_tag?post=33236"}],"curies":[{"name":"wp","href":"https:\/\/api.w.org\/{rel}","templated":true}]}}