{"id":33231,"date":"2020-12-18T15:33:17","date_gmt":"2020-12-18T13:33:17","guid":{"rendered":"https:\/\/martinez-perfume.com\/en\/product\/notas-olfativas-parecidas-a-flor-de-portofino-martinez-293\/"},"modified":"2021-08-03T11:12:19","modified_gmt":"2021-08-03T08:12:19","slug":"notas-olfativas-parecidas-a-flor-de-portofino-martinez-293","status":"publish","type":"product","link":"https:\/\/martinez-perfume.com\/en\/producto\/notas-olfativas-parecidas-a-flor-de-portofino-martinez-293\/?lang=es","title":{"rendered":"notas olfativas parecidas a  Fleur de Portofino <br> Martinez 293"},"content":{"rendered":"","protected":false},"excerpt":{"rendered":"<p>Inspirado en el lujo y la sofisticaci\u00f3n de un hotel de 5 estrellas en alg\u00fan lugar de la Riviera italiana. En \u00e9l encontrar\u00e1s la frescura, las aguas cristalinas y la vegetaci\u00f3n de esta regi\u00f3n de Italia.<\/p>\n<p>Las Notas de Salida son Syringa, Bergamota, Mandarina, Lim\u00f3n Siciliano, Hoja de Naranja y Hoja de Violeta; las Notas de Coraz\u00f3n son algarrobo negro, jazm\u00edn, azahar, magnolia, osmanthus y rosa marroqu\u00ed; las Notas de Fondo son miel de acacia negra, ambrette (almizcle de malva), algalia, vainilla, b\u00e1lsamo de Tol\u00fa y l\u00e1dano.<\/p>\n","protected":false},"featured_media":33098,"comment_status":"open","ping_status":"closed","template":"","meta":{"_acf_changed":false,"_monsterinsights_skip_tracking":false,"_monsterinsights_sitenote_active":false,"_monsterinsights_sitenote_note":"","_monsterinsights_sitenote_category":0},"product_cat":[364,365,366,367,368],"product_tag":[],"acf":[],"aioseo_notices":[],"_links":{"self":[{"href":"https:\/\/martinez-perfume.com\/en\/wp-json\/wp\/v2\/product\/33231"}],"collection":[{"href":"https:\/\/martinez-perfume.com\/en\/wp-json\/wp\/v2\/product"}],"about":[{"href":"https:\/\/martinez-perfume.com\/en\/wp-json\/wp\/v2\/types\/product"}],"replies":[{"embeddable":true,"href":"https:\/\/martinez-perfume.com\/en\/wp-json\/wp\/v2\/comments?post=33231"}],"wp:featuredmedia":[{"embeddable":true,"href":"https:\/\/martinez-perfume.com\/en\/wp-json\/wp\/v2\/media\/33098"}],"wp:attachment":[{"href":"https:\/\/martinez-perfume.com\/en\/wp-json\/wp\/v2\/media?parent=33231"}],"wp:term":[{"taxonomy":"product_cat","embeddable":true,"href":"https:\/\/martinez-perfume.com\/en\/wp-json\/wp\/v2\/product_cat?post=33231"},{"taxonomy":"product_tag","embeddable":true,"href":"https:\/\/martinez-perfume.com\/en\/wp-json\/wp\/v2\/product_tag?post=33231"}],"curies":[{"name":"wp","href":"https:\/\/api.w.org\/{rel}","templated":true}]}}