{"id":33228,"date":"2020-12-18T15:41:33","date_gmt":"2020-12-18T13:41:33","guid":{"rendered":"https:\/\/martinez-perfume.com\/en\/product\/notas-olfativas-familia-parecidas-a-quatre-martinez-250\/"},"modified":"2020-12-18T15:41:33","modified_gmt":"2020-12-18T13:41:33","slug":"notas-olfativas-familia-parecidas-a-quatre-martinez-250","status":"publish","type":"product","link":"https:\/\/martinez-perfume.com\/en\/producto\/notas-olfativas-familia-parecidas-a-quatre-martinez-250\/?lang=es","title":{"rendered":"notas olfativas familia parecidas a Quatre <br> Martinez 250"},"content":{"rendered":"","protected":false},"excerpt":{"rendered":"<p>Fuertemente asertivo y contempor\u00e1neo, revela la fuerza de car\u00e1cter de quienes lo usan. La expresi\u00f3n de la fragancia de un sutil equilibrio de modernidad y herencia, innovaci\u00f3n y tradici\u00f3n, rock \/ shock y chic. Naranja amarga, jazm\u00edn y maderas doradas subliman la fragancia.<\/p>\n<p>Las Notas de Salida son toronja, mandarina, naranja y lim\u00f3n; las Notas de Coraz\u00f3n son jazm\u00edn, manzana, fresa grande, rosa y melocot\u00f3n; las Notas de Fondo son almizcle blanco, cachemira, cedro, vainilla y caramelo.<\/p>\n","protected":false},"featured_media":33100,"comment_status":"open","ping_status":"closed","template":"","meta":{"_acf_changed":false,"_monsterinsights_skip_tracking":false,"_monsterinsights_sitenote_active":false,"_monsterinsights_sitenote_note":"","_monsterinsights_sitenote_category":0},"product_cat":[364,367],"product_tag":[],"acf":[],"aioseo_notices":[],"_links":{"self":[{"href":"https:\/\/martinez-perfume.com\/en\/wp-json\/wp\/v2\/product\/33228"}],"collection":[{"href":"https:\/\/martinez-perfume.com\/en\/wp-json\/wp\/v2\/product"}],"about":[{"href":"https:\/\/martinez-perfume.com\/en\/wp-json\/wp\/v2\/types\/product"}],"replies":[{"embeddable":true,"href":"https:\/\/martinez-perfume.com\/en\/wp-json\/wp\/v2\/comments?post=33228"}],"wp:featuredmedia":[{"embeddable":true,"href":"https:\/\/martinez-perfume.com\/en\/wp-json\/wp\/v2\/media\/33100"}],"wp:attachment":[{"href":"https:\/\/martinez-perfume.com\/en\/wp-json\/wp\/v2\/media?parent=33228"}],"wp:term":[{"taxonomy":"product_cat","embeddable":true,"href":"https:\/\/martinez-perfume.com\/en\/wp-json\/wp\/v2\/product_cat?post=33228"},{"taxonomy":"product_tag","embeddable":true,"href":"https:\/\/martinez-perfume.com\/en\/wp-json\/wp\/v2\/product_tag?post=33228"}],"curies":[{"name":"wp","href":"https:\/\/api.w.org\/{rel}","templated":true}]}}