{"id":33224,"date":"2020-12-18T15:49:29","date_gmt":"2020-12-18T13:49:29","guid":{"rendered":"https:\/\/martinez-perfume.com\/en\/product\/notas-olfativas-familia-parecida-a-celeste-martinez-233\/"},"modified":"2021-10-03T02:33:35","modified_gmt":"2021-10-02T23:33:35","slug":"notas-olfativas-familia-parecida-a-celeste-martinez-233","status":"publish","type":"product","link":"https:\/\/martinez-perfume.com\/en\/producto\/notas-olfativas-familia-parecida-a-celeste-martinez-233\/?lang=es","title":{"rendered":"notas olfativas familia parecida a LIGHT BLUE<br> Martinez 233"},"content":{"rendered":"","protected":false},"excerpt":{"rendered":"<p>La historia de amor mediterr\u00e1nea de una irresistible mujer fatal italiana en el oc\u00e9ano celeste y bajo el cielo celeste. Brillante y alegre, el perfume da la impresi\u00f3n de una mujer fuerte y segura de s\u00ed misma cuyo amor no puede resistirse a ella.<\/p>\n<p>Las Notas de Salida son lim\u00f3n siciliano, manzana, cedro y campanilla; las Notas de Coraz\u00f3n son bamb\u00fa, jazm\u00edn y rosa blanca; las Notas de Fondo son cedro, almizcle y \u00e1mbar.<\/p>\n","protected":false},"featured_media":33182,"comment_status":"open","ping_status":"closed","template":"","meta":{"_acf_changed":false,"_monsterinsights_skip_tracking":false,"_monsterinsights_sitenote_active":false,"_monsterinsights_sitenote_note":"","_monsterinsights_sitenote_category":0},"product_cat":[364,367],"product_tag":[],"acf":[],"aioseo_notices":[],"_links":{"self":[{"href":"https:\/\/martinez-perfume.com\/en\/wp-json\/wp\/v2\/product\/33224"}],"collection":[{"href":"https:\/\/martinez-perfume.com\/en\/wp-json\/wp\/v2\/product"}],"about":[{"href":"https:\/\/martinez-perfume.com\/en\/wp-json\/wp\/v2\/types\/product"}],"replies":[{"embeddable":true,"href":"https:\/\/martinez-perfume.com\/en\/wp-json\/wp\/v2\/comments?post=33224"}],"wp:featuredmedia":[{"embeddable":true,"href":"https:\/\/martinez-perfume.com\/en\/wp-json\/wp\/v2\/media\/33182"}],"wp:attachment":[{"href":"https:\/\/martinez-perfume.com\/en\/wp-json\/wp\/v2\/media?parent=33224"}],"wp:term":[{"taxonomy":"product_cat","embeddable":true,"href":"https:\/\/martinez-perfume.com\/en\/wp-json\/wp\/v2\/product_cat?post=33224"},{"taxonomy":"product_tag","embeddable":true,"href":"https:\/\/martinez-perfume.com\/en\/wp-json\/wp\/v2\/product_tag?post=33224"}],"curies":[{"name":"wp","href":"https:\/\/api.w.org\/{rel}","templated":true}]}}