{"id":33223,"date":"2020-12-18T15:51:47","date_gmt":"2020-12-18T13:51:47","guid":{"rendered":"https:\/\/martinez-perfume.com\/en\/product\/notas-olfativas-familia-parecidas-a-libre-martinez-227\/"},"modified":"2021-07-19T15:57:33","modified_gmt":"2021-07-19T12:57:33","slug":"notas-olfativas-familia-parecidas-a-libre-martinez-227","status":"publish","type":"product","link":"https:\/\/martinez-perfume.com\/en\/producto\/notas-olfativas-familia-parecidas-a-libre-martinez-227\/?lang=es","title":{"rendered":"notas olfativas familia parecidas a Libre <br> Martinez 227"},"content":{"rendered":"","protected":false},"excerpt":{"rendered":"<p>Si la libertad tiene aroma, este es. Una fragancia que representa a una mujer fiel a s\u00ed misma, que no se esconde; fuerte y valiente, completamente libre. Un perfume que es una explosi\u00f3n de aromas, una fragancia ic\u00f3nica; femenina, sensual y atrevida.<\/p>\n<p>Las Notas de Salida son lavanda, mandarina, grosella negra y petitgrain; las Notas de Coraz\u00f3n son lavanda, azahar y jazm\u00edn; las Notas de Fondo son vainilla de Madagascar, \u00e1mbar gris, almizcle y cedro.<\/p>\n","protected":false},"featured_media":33100,"comment_status":"open","ping_status":"closed","template":"","meta":{"_acf_changed":false,"_monsterinsights_skip_tracking":false,"_monsterinsights_sitenote_active":false,"_monsterinsights_sitenote_note":"","_monsterinsights_sitenote_category":0},"product_cat":[364,367],"product_tag":[],"acf":[],"aioseo_notices":[],"_links":{"self":[{"href":"https:\/\/martinez-perfume.com\/en\/wp-json\/wp\/v2\/product\/33223"}],"collection":[{"href":"https:\/\/martinez-perfume.com\/en\/wp-json\/wp\/v2\/product"}],"about":[{"href":"https:\/\/martinez-perfume.com\/en\/wp-json\/wp\/v2\/types\/product"}],"replies":[{"embeddable":true,"href":"https:\/\/martinez-perfume.com\/en\/wp-json\/wp\/v2\/comments?post=33223"}],"wp:featuredmedia":[{"embeddable":true,"href":"https:\/\/martinez-perfume.com\/en\/wp-json\/wp\/v2\/media\/33100"}],"wp:attachment":[{"href":"https:\/\/martinez-perfume.com\/en\/wp-json\/wp\/v2\/media?parent=33223"}],"wp:term":[{"taxonomy":"product_cat","embeddable":true,"href":"https:\/\/martinez-perfume.com\/en\/wp-json\/wp\/v2\/product_cat?post=33223"},{"taxonomy":"product_tag","embeddable":true,"href":"https:\/\/martinez-perfume.com\/en\/wp-json\/wp\/v2\/product_tag?post=33223"}],"curies":[{"name":"wp","href":"https:\/\/api.w.org\/{rel}","templated":true}]}}