{"id":33222,"date":"2020-12-18T15:53:04","date_gmt":"2020-12-18T13:53:04","guid":{"rendered":"https:\/\/martinez-perfume.com\/en\/product\/notas-olfativas-familiares-parecidas-a-black-opium-martinez-226\/"},"modified":"2023-12-12T14:15:45","modified_gmt":"2023-12-12T12:15:45","slug":"notas-olfativas-familiares-parecidas-a-black-opium-martinez-226","status":"publish","type":"product","link":"https:\/\/martinez-perfume.com\/en\/producto\/notas-olfativas-familiares-parecidas-a-black-opium-martinez-226\/?lang=es","title":{"rendered":"notas olfativas familiares parecidas a Black Opium <br> Martinez 226"},"content":{"rendered":"","protected":false},"excerpt":{"rendered":"<p>Una dulce fragancia de vainilla, adictiva para la mujer que la usa, pero tambi\u00e9n para quienes la rodean. Destinado a la mujer que no deja pasar la vida, que toma parte activa; atrevida y aventurera.<\/p>\n<p>Las Notas de Salida son pera, pimienta rosa y flor de naranja; las Notas de Coraz\u00f3n son caf\u00e9, jazm\u00edn, almendra amarga y regaliz; las Notas de Fondo son vainilla, pachul\u00ed, cedro y madera de cachemira.<\/p>\n","protected":false},"featured_media":33104,"comment_status":"open","ping_status":"closed","template":"","meta":{"_acf_changed":false,"_monsterinsights_skip_tracking":false,"_monsterinsights_sitenote_active":false,"_monsterinsights_sitenote_note":"","_monsterinsights_sitenote_category":0},"product_cat":[364,367],"product_tag":[],"acf":[],"aioseo_notices":[],"_links":{"self":[{"href":"https:\/\/martinez-perfume.com\/en\/wp-json\/wp\/v2\/product\/33222"}],"collection":[{"href":"https:\/\/martinez-perfume.com\/en\/wp-json\/wp\/v2\/product"}],"about":[{"href":"https:\/\/martinez-perfume.com\/en\/wp-json\/wp\/v2\/types\/product"}],"replies":[{"embeddable":true,"href":"https:\/\/martinez-perfume.com\/en\/wp-json\/wp\/v2\/comments?post=33222"}],"wp:featuredmedia":[{"embeddable":true,"href":"https:\/\/martinez-perfume.com\/en\/wp-json\/wp\/v2\/media\/33104"}],"wp:attachment":[{"href":"https:\/\/martinez-perfume.com\/en\/wp-json\/wp\/v2\/media?parent=33222"}],"wp:term":[{"taxonomy":"product_cat","embeddable":true,"href":"https:\/\/martinez-perfume.com\/en\/wp-json\/wp\/v2\/product_cat?post=33222"},{"taxonomy":"product_tag","embeddable":true,"href":"https:\/\/martinez-perfume.com\/en\/wp-json\/wp\/v2\/product_tag?post=33222"}],"curies":[{"name":"wp","href":"https:\/\/api.w.org\/{rel}","templated":true}]}}