{"id":33220,"date":"2020-12-18T15:55:59","date_gmt":"2020-12-18T13:55:59","guid":{"rendered":"https:\/\/martinez-perfume.com\/en\/product\/notas-olfativas-familia-parecidas-a-escandalo-martinez-222\/"},"modified":"2021-08-03T10:42:43","modified_gmt":"2021-08-03T07:42:43","slug":"notas-olfativas-familia-parecidas-a-escandalo-martinez-222","status":"publish","type":"product","link":"https:\/\/martinez-perfume.com\/en\/producto\/notas-olfativas-familia-parecidas-a-escandalo-martinez-222\/?lang=es","title":{"rendered":"notas olfativas familia parecidas a SCANDAL<br> Martinez 222"},"content":{"rendered":"","protected":false},"excerpt":{"rendered":"<p>Durante el d\u00eda, es una deliciosa miel fresca con el maravilloso aroma de gardenia y naranja sanguina. De noche, es miel sensual y escandalosa combinada con pachul\u00ed<\/p>\n<p>Las Notas de Salida son naranja sanguina y mandarina; las Notas de Coraz\u00f3n son miel, gardenia, azahar, jazm\u00edn y melocot\u00f3n; las Notas de Fondo son cera de abejas, pachul\u00ed, caramelo y regaliz.<\/p>\n","protected":false},"featured_media":33104,"comment_status":"open","ping_status":"closed","template":"","meta":{"_acf_changed":false,"_monsterinsights_skip_tracking":false,"_monsterinsights_sitenote_active":false,"_monsterinsights_sitenote_note":"","_monsterinsights_sitenote_category":0},"product_cat":[364,367],"product_tag":[],"acf":[],"aioseo_notices":[],"_links":{"self":[{"href":"https:\/\/martinez-perfume.com\/en\/wp-json\/wp\/v2\/product\/33220"}],"collection":[{"href":"https:\/\/martinez-perfume.com\/en\/wp-json\/wp\/v2\/product"}],"about":[{"href":"https:\/\/martinez-perfume.com\/en\/wp-json\/wp\/v2\/types\/product"}],"replies":[{"embeddable":true,"href":"https:\/\/martinez-perfume.com\/en\/wp-json\/wp\/v2\/comments?post=33220"}],"wp:featuredmedia":[{"embeddable":true,"href":"https:\/\/martinez-perfume.com\/en\/wp-json\/wp\/v2\/media\/33104"}],"wp:attachment":[{"href":"https:\/\/martinez-perfume.com\/en\/wp-json\/wp\/v2\/media?parent=33220"}],"wp:term":[{"taxonomy":"product_cat","embeddable":true,"href":"https:\/\/martinez-perfume.com\/en\/wp-json\/wp\/v2\/product_cat?post=33220"},{"taxonomy":"product_tag","embeddable":true,"href":"https:\/\/martinez-perfume.com\/en\/wp-json\/wp\/v2\/product_tag?post=33220"}],"curies":[{"name":"wp","href":"https:\/\/api.w.org\/{rel}","templated":true}]}}