{"id":33219,"date":"2020-12-18T15:57:32","date_gmt":"2020-12-18T13:57:32","guid":{"rendered":"https:\/\/martinez-perfume.com\/en\/product\/notas-olfativas-familia-parecidas-a-jadore-martinez-215\/"},"modified":"2023-12-12T14:15:28","modified_gmt":"2023-12-12T12:15:28","slug":"notas-olfativas-familia-parecidas-a-jadore-martinez-215","status":"publish","type":"product","link":"https:\/\/martinez-perfume.com\/en\/producto\/notas-olfativas-familia-parecidas-a-jadore-martinez-215\/?lang=es","title":{"rendered":"notas olfativas familia parecidas a J&#8217;adore <br> Martinez 215"},"content":{"rendered":"","protected":false},"excerpt":{"rendered":"<p>Este perfume irradia opulencia y amor por el lujo. Est\u00e1 destinado a la mujer elegante y sofisticada y es una exaltaci\u00f3n de la sensualidad y la feminidad en su forma pura.<\/p>\n<p>Las Notas de Salida son c\u00edtricos, mandarina y neroli; las Notas de Coraz\u00f3n son jazm\u00edn, flor de naranja africana, ylang-ylang, tuberosa y rosa; las Notas de Fondo son notas amaderadas y vainilla.<\/p>\n","protected":false},"featured_media":33100,"comment_status":"open","ping_status":"closed","template":"","meta":{"_acf_changed":false,"_monsterinsights_skip_tracking":false,"_monsterinsights_sitenote_active":false,"_monsterinsights_sitenote_note":"","_monsterinsights_sitenote_category":0},"product_cat":[364,367],"product_tag":[],"acf":[],"aioseo_notices":[],"_links":{"self":[{"href":"https:\/\/martinez-perfume.com\/en\/wp-json\/wp\/v2\/product\/33219"}],"collection":[{"href":"https:\/\/martinez-perfume.com\/en\/wp-json\/wp\/v2\/product"}],"about":[{"href":"https:\/\/martinez-perfume.com\/en\/wp-json\/wp\/v2\/types\/product"}],"replies":[{"embeddable":true,"href":"https:\/\/martinez-perfume.com\/en\/wp-json\/wp\/v2\/comments?post=33219"}],"wp:featuredmedia":[{"embeddable":true,"href":"https:\/\/martinez-perfume.com\/en\/wp-json\/wp\/v2\/media\/33100"}],"wp:attachment":[{"href":"https:\/\/martinez-perfume.com\/en\/wp-json\/wp\/v2\/media?parent=33219"}],"wp:term":[{"taxonomy":"product_cat","embeddable":true,"href":"https:\/\/martinez-perfume.com\/en\/wp-json\/wp\/v2\/product_cat?post=33219"},{"taxonomy":"product_tag","embeddable":true,"href":"https:\/\/martinez-perfume.com\/en\/wp-json\/wp\/v2\/product_tag?post=33219"}],"curies":[{"name":"wp","href":"https:\/\/api.w.org\/{rel}","templated":true}]}}