{"id":33217,"date":"2020-12-18T16:03:08","date_gmt":"2020-12-18T14:03:08","guid":{"rendered":"https:\/\/martinez-perfume.com\/en\/product\/notas-olfativas-familiares-parecidas-a-the-scent-for-her-martinez-202\/"},"modified":"2020-12-18T16:03:08","modified_gmt":"2020-12-18T14:03:08","slug":"notas-olfativas-familiares-parecidas-a-the-scent-for-her-martinez-202","status":"publish","type":"product","link":"https:\/\/martinez-perfume.com\/en\/producto\/notas-olfativas-familiares-parecidas-a-the-scent-for-her-martinez-202\/?lang=es","title":{"rendered":"notas olfativas familiares parecidas a The Scent For Her <br> Martinez 202"},"content":{"rendered":"","protected":false},"excerpt":{"rendered":"<p>Este perfume es un homenaje a la seducci\u00f3n: al momento perfecto de conexi\u00f3n entre dos personas que se sienten atra\u00eddas hasta el punto de volverse adictas entre s\u00ed. Una fragancia femenina y sensual.<\/p>\n<p>Las Notas de Salida son melocot\u00f3n y fresia; la Nota de Coraz\u00f3n es Osmanthus; la Nota de Fondo es Cacao.<\/p>\n","protected":false},"featured_media":33182,"comment_status":"open","ping_status":"closed","template":"","meta":{"_acf_changed":false,"_monsterinsights_skip_tracking":false,"_monsterinsights_sitenote_active":false,"_monsterinsights_sitenote_note":"","_monsterinsights_sitenote_category":0},"product_cat":[364,367],"product_tag":[],"acf":[],"aioseo_notices":[],"_links":{"self":[{"href":"https:\/\/martinez-perfume.com\/en\/wp-json\/wp\/v2\/product\/33217"}],"collection":[{"href":"https:\/\/martinez-perfume.com\/en\/wp-json\/wp\/v2\/product"}],"about":[{"href":"https:\/\/martinez-perfume.com\/en\/wp-json\/wp\/v2\/types\/product"}],"replies":[{"embeddable":true,"href":"https:\/\/martinez-perfume.com\/en\/wp-json\/wp\/v2\/comments?post=33217"}],"wp:featuredmedia":[{"embeddable":true,"href":"https:\/\/martinez-perfume.com\/en\/wp-json\/wp\/v2\/media\/33182"}],"wp:attachment":[{"href":"https:\/\/martinez-perfume.com\/en\/wp-json\/wp\/v2\/media?parent=33217"}],"wp:term":[{"taxonomy":"product_cat","embeddable":true,"href":"https:\/\/martinez-perfume.com\/en\/wp-json\/wp\/v2\/product_cat?post=33217"},{"taxonomy":"product_tag","embeddable":true,"href":"https:\/\/martinez-perfume.com\/en\/wp-json\/wp\/v2\/product_tag?post=33217"}],"curies":[{"name":"wp","href":"https:\/\/api.w.org\/{rel}","templated":true}]}}