{"id":33216,"date":"2020-12-18T16:04:27","date_gmt":"2020-12-18T14:04:27","guid":{"rendered":"https:\/\/martinez-perfume.com\/en\/product\/notas-olfativas-familia-parecidas-a-joy-martinez-199\/"},"modified":"2020-12-18T16:04:27","modified_gmt":"2020-12-18T14:04:27","slug":"notas-olfativas-familia-parecidas-a-joy-martinez-199","status":"publish","type":"product","link":"https:\/\/martinez-perfume.com\/en\/producto\/notas-olfativas-familia-parecidas-a-joy-martinez-199\/?lang=es","title":{"rendered":"notas olfativas familia parecidas a JOY <br> Martinez 199"},"content":{"rendered":"","protected":false},"excerpt":{"rendered":"<p>Este es el perfume de la felicidad. Una oda a la vida, una experiencia sensorial no agresiva que te llevar\u00e1 a disfrutar de un momento de absoluta serenidad. Encarna satisfacci\u00f3n y fuerza al mismo tiempo.<\/p>\n<p>Las Notas de Salida son bergamota y mandarina; las Notas de Coraz\u00f3n son jazm\u00edn, rosa de Grasse, melocot\u00f3n y cassis; las Notas de Fondo son almizcle blanco, s\u00e1ndalo, cedro, pachul\u00ed y benju\u00ed.<\/p>\n","protected":false},"featured_media":33104,"comment_status":"open","ping_status":"closed","template":"","meta":{"_acf_changed":false,"_monsterinsights_skip_tracking":false,"_monsterinsights_sitenote_active":false,"_monsterinsights_sitenote_note":"","_monsterinsights_sitenote_category":0},"product_cat":[364,367],"product_tag":[],"acf":[],"aioseo_notices":[],"_links":{"self":[{"href":"https:\/\/martinez-perfume.com\/en\/wp-json\/wp\/v2\/product\/33216"}],"collection":[{"href":"https:\/\/martinez-perfume.com\/en\/wp-json\/wp\/v2\/product"}],"about":[{"href":"https:\/\/martinez-perfume.com\/en\/wp-json\/wp\/v2\/types\/product"}],"replies":[{"embeddable":true,"href":"https:\/\/martinez-perfume.com\/en\/wp-json\/wp\/v2\/comments?post=33216"}],"wp:featuredmedia":[{"embeddable":true,"href":"https:\/\/martinez-perfume.com\/en\/wp-json\/wp\/v2\/media\/33104"}],"wp:attachment":[{"href":"https:\/\/martinez-perfume.com\/en\/wp-json\/wp\/v2\/media?parent=33216"}],"wp:term":[{"taxonomy":"product_cat","embeddable":true,"href":"https:\/\/martinez-perfume.com\/en\/wp-json\/wp\/v2\/product_cat?post=33216"},{"taxonomy":"product_tag","embeddable":true,"href":"https:\/\/martinez-perfume.com\/en\/wp-json\/wp\/v2\/product_tag?post=33216"}],"curies":[{"name":"wp","href":"https:\/\/api.w.org\/{rel}","templated":true}]}}