{"id":33212,"date":"2020-12-18T16:10:04","date_gmt":"2020-12-18T14:10:04","guid":{"rendered":"https:\/\/martinez-perfume.com\/en\/product\/notas-olfativas-familia-parecidas-a-mademoiselle-martinez-183\/"},"modified":"2021-08-03T10:38:19","modified_gmt":"2021-08-03T07:38:19","slug":"notas-olfativas-familia-parecidas-a-mademoiselle-martinez-183","status":"publish","type":"product","link":"https:\/\/martinez-perfume.com\/en\/producto\/notas-olfativas-familia-parecidas-a-mademoiselle-martinez-183\/?lang=es","title":{"rendered":"notas olfativas familia parecidas a Coco Mademoiselle <br> Martinez 183"},"content":{"rendered":"","protected":false},"excerpt":{"rendered":"<p>Un perfume para la mujer glamorosa y elegante, un aroma que te har\u00e1 sentir como una princesa de cuento, al menos por un d\u00eda. Con \u00e9l, tendr\u00e1s experiencias extremadamente intensas.<\/p>\n<p>Las Notas de Salida son naranja, mandarina, bergamota y flor de naranja; las Notas de Coraz\u00f3n son rosa turca, jazm\u00edn, mimosa e ylang-ylang; las Notas de Fondo son pachul\u00ed, almizcle blanco, vainilla, vetiver, haba tonka y opoponax.<\/p>\n","protected":false},"featured_media":33104,"comment_status":"open","ping_status":"closed","template":"","meta":{"_acf_changed":false,"_monsterinsights_skip_tracking":false,"_monsterinsights_sitenote_active":false,"_monsterinsights_sitenote_note":"","_monsterinsights_sitenote_category":0},"product_cat":[364,367],"product_tag":[],"acf":[],"aioseo_notices":[],"_links":{"self":[{"href":"https:\/\/martinez-perfume.com\/en\/wp-json\/wp\/v2\/product\/33212"}],"collection":[{"href":"https:\/\/martinez-perfume.com\/en\/wp-json\/wp\/v2\/product"}],"about":[{"href":"https:\/\/martinez-perfume.com\/en\/wp-json\/wp\/v2\/types\/product"}],"replies":[{"embeddable":true,"href":"https:\/\/martinez-perfume.com\/en\/wp-json\/wp\/v2\/comments?post=33212"}],"wp:featuredmedia":[{"embeddable":true,"href":"https:\/\/martinez-perfume.com\/en\/wp-json\/wp\/v2\/media\/33104"}],"wp:attachment":[{"href":"https:\/\/martinez-perfume.com\/en\/wp-json\/wp\/v2\/media?parent=33212"}],"wp:term":[{"taxonomy":"product_cat","embeddable":true,"href":"https:\/\/martinez-perfume.com\/en\/wp-json\/wp\/v2\/product_cat?post=33212"},{"taxonomy":"product_tag","embeddable":true,"href":"https:\/\/martinez-perfume.com\/en\/wp-json\/wp\/v2\/product_tag?post=33212"}],"curies":[{"name":"wp","href":"https:\/\/api.w.org\/{rel}","templated":true}]}}