{"id":33208,"date":"2020-12-18T16:15:52","date_gmt":"2020-12-18T14:15:52","guid":{"rendered":"https:\/\/martinez-perfume.com\/en\/product\/notas-olfativas-familia-parecidas-a-la-vie-est-belle-martinez-171\/"},"modified":"2020-12-18T16:15:52","modified_gmt":"2020-12-18T14:15:52","slug":"notas-olfativas-familia-parecidas-a-la-vie-est-belle-martinez-171","status":"publish","type":"product","link":"https:\/\/martinez-perfume.com\/en\/producto\/notas-olfativas-familia-parecidas-a-la-vie-est-belle-martinez-171\/?lang=es","title":{"rendered":"notas olfativas familia parecidas a La Vie Est Belle <br> Martinez 171"},"content":{"rendered":"","protected":false},"excerpt":{"rendered":"<p>Optimista y llena de energ\u00eda, elegante y sofisticada, esa es la mujer que usa este perfume. Ella es consciente de la belleza de los detalles y valora cada uno, por peque\u00f1o que sea.<\/p>\n<p>Las Notas de Salida son Grosella Negra y Pera; las Notas de Coraz\u00f3n son iris, jazm\u00edn y azahar; las Notas de Fondo son pralin\u00e9, vainilla, pachul\u00ed y haba tonka<\/p>\n","protected":false},"featured_media":33104,"comment_status":"open","ping_status":"closed","template":"","meta":{"_acf_changed":false,"_monsterinsights_skip_tracking":false,"_monsterinsights_sitenote_active":false,"_monsterinsights_sitenote_note":"","_monsterinsights_sitenote_category":0},"product_cat":[364,367],"product_tag":[],"acf":[],"aioseo_notices":[],"_links":{"self":[{"href":"https:\/\/martinez-perfume.com\/en\/wp-json\/wp\/v2\/product\/33208"}],"collection":[{"href":"https:\/\/martinez-perfume.com\/en\/wp-json\/wp\/v2\/product"}],"about":[{"href":"https:\/\/martinez-perfume.com\/en\/wp-json\/wp\/v2\/types\/product"}],"replies":[{"embeddable":true,"href":"https:\/\/martinez-perfume.com\/en\/wp-json\/wp\/v2\/comments?post=33208"}],"wp:featuredmedia":[{"embeddable":true,"href":"https:\/\/martinez-perfume.com\/en\/wp-json\/wp\/v2\/media\/33104"}],"wp:attachment":[{"href":"https:\/\/martinez-perfume.com\/en\/wp-json\/wp\/v2\/media?parent=33208"}],"wp:term":[{"taxonomy":"product_cat","embeddable":true,"href":"https:\/\/martinez-perfume.com\/en\/wp-json\/wp\/v2\/product_cat?post=33208"},{"taxonomy":"product_tag","embeddable":true,"href":"https:\/\/martinez-perfume.com\/en\/wp-json\/wp\/v2\/product_tag?post=33208"}],"curies":[{"name":"wp","href":"https:\/\/api.w.org\/{rel}","templated":true}]}}