{"id":33202,"date":"2020-12-18T16:24:27","date_gmt":"2020-12-18T14:24:27","guid":{"rendered":"https:\/\/martinez-perfume.com\/en\/product\/notas-olfativas-familia-parecidas-a-chloe-martinez-151\/"},"modified":"2020-12-18T16:24:27","modified_gmt":"2020-12-18T14:24:27","slug":"notas-olfativas-familia-parecidas-a-chloe-martinez-151","status":"publish","type":"product","link":"https:\/\/martinez-perfume.com\/en\/producto\/notas-olfativas-familia-parecidas-a-chloe-martinez-151\/?lang=es","title":{"rendered":"notas olfativas familia parecidas a CHLOE <br> Martinez 151"},"content":{"rendered":"","protected":false},"excerpt":{"rendered":"<p>Para mujeres independientes, seguras de s\u00ed mismas y sin complicaciones. Chloe es atemporal, simple y juvenil, con una feminidad despreocupada.<\/p>\n<p>Las Notas de Salida son peon\u00eda, litchi y fresia; las Notas de Coraz\u00f3n son rosa, lirio de los valles y magnolia; las Notas de Fondo son cedro de Virginia y \u00e1mbar.<\/p>\n","protected":false},"featured_media":33100,"comment_status":"open","ping_status":"closed","template":"","meta":{"_acf_changed":false,"_monsterinsights_skip_tracking":false,"_monsterinsights_sitenote_active":false,"_monsterinsights_sitenote_note":"","_monsterinsights_sitenote_category":0},"product_cat":[364,367],"product_tag":[],"acf":[],"aioseo_notices":[],"_links":{"self":[{"href":"https:\/\/martinez-perfume.com\/en\/wp-json\/wp\/v2\/product\/33202"}],"collection":[{"href":"https:\/\/martinez-perfume.com\/en\/wp-json\/wp\/v2\/product"}],"about":[{"href":"https:\/\/martinez-perfume.com\/en\/wp-json\/wp\/v2\/types\/product"}],"replies":[{"embeddable":true,"href":"https:\/\/martinez-perfume.com\/en\/wp-json\/wp\/v2\/comments?post=33202"}],"wp:featuredmedia":[{"embeddable":true,"href":"https:\/\/martinez-perfume.com\/en\/wp-json\/wp\/v2\/media\/33100"}],"wp:attachment":[{"href":"https:\/\/martinez-perfume.com\/en\/wp-json\/wp\/v2\/media?parent=33202"}],"wp:term":[{"taxonomy":"product_cat","embeddable":true,"href":"https:\/\/martinez-perfume.com\/en\/wp-json\/wp\/v2\/product_cat?post=33202"},{"taxonomy":"product_tag","embeddable":true,"href":"https:\/\/martinez-perfume.com\/en\/wp-json\/wp\/v2\/product_tag?post=33202"}],"curies":[{"name":"wp","href":"https:\/\/api.w.org\/{rel}","templated":true}]}}