{"id":33196,"date":"2020-12-18T16:33:14","date_gmt":"2020-12-18T14:33:14","guid":{"rendered":"https:\/\/martinez-perfume.com\/en\/product\/notas-olfativas-familia-parecida-a-cl-%e2%84%965-martinez-135\/"},"modified":"2020-12-18T16:33:14","modified_gmt":"2020-12-18T14:33:14","slug":"notas-olfativas-familia-parecida-a-cl-%e2%84%965-martinez-135","status":"publish","type":"product","link":"https:\/\/martinez-perfume.com\/en\/product\/notas-olfativas-familia-parecida-a-cl-%e2%84%965-martinez-135\/","title":{"rendered":"notas olfativas familia parecida a CL \u21165 <br> Martinez 135"},"content":{"rendered":"","protected":false},"excerpt":{"rendered":"<p>Una fragancia cl\u00e1sica y femenina que desprende clase y exclusividad. Este perfume, seductor y elegantemente sensual, est\u00e1 inspirado en un icono, un aroma deseado por miles de mujeres en todo el mundo.<\/p>\n<p>Las Notas de Salida son aldeh\u00eddos, ylang-ylang, neroli, bergamota y melocot\u00f3n; las Notas de Coraz\u00f3n son iris, jazm\u00edn, rosa y lirio de los valles; las Notas de Fondo son s\u00e1ndalo, vainilla, musgo de roble, vetiver y pachul\u00ed.<\/p>\n","protected":false},"featured_media":0,"comment_status":"open","ping_status":"closed","template":"","meta":{"_acf_changed":false,"_monsterinsights_skip_tracking":false,"_monsterinsights_sitenote_active":false,"_monsterinsights_sitenote_note":"","_monsterinsights_sitenote_category":0},"product_cat":[],"product_tag":[],"acf":[],"aioseo_notices":[],"_links":{"self":[{"href":"https:\/\/martinez-perfume.com\/en\/wp-json\/wp\/v2\/product\/33196"}],"collection":[{"href":"https:\/\/martinez-perfume.com\/en\/wp-json\/wp\/v2\/product"}],"about":[{"href":"https:\/\/martinez-perfume.com\/en\/wp-json\/wp\/v2\/types\/product"}],"replies":[{"embeddable":true,"href":"https:\/\/martinez-perfume.com\/en\/wp-json\/wp\/v2\/comments?post=33196"}],"wp:attachment":[{"href":"https:\/\/martinez-perfume.com\/en\/wp-json\/wp\/v2\/media?parent=33196"}],"wp:term":[{"taxonomy":"product_cat","embeddable":true,"href":"https:\/\/martinez-perfume.com\/en\/wp-json\/wp\/v2\/product_cat?post=33196"},{"taxonomy":"product_tag","embeddable":true,"href":"https:\/\/martinez-perfume.com\/en\/wp-json\/wp\/v2\/product_tag?post=33196"}],"curies":[{"name":"wp","href":"https:\/\/api.w.org\/{rel}","templated":true}]}}