{"id":33192,"date":"2020-12-18T16:49:42","date_gmt":"2020-12-18T14:49:42","guid":{"rendered":"https:\/\/martinez-perfume.com\/en\/product\/notas-olfativas-familia-similar-a-ella-martinez-121\/"},"modified":"2021-08-03T10:31:33","modified_gmt":"2021-08-03T07:31:33","slug":"notas-olfativas-familia-similar-a-ella-martinez-121","status":"publish","type":"product","link":"https:\/\/martinez-perfume.com\/en\/producto\/notas-olfativas-familia-similar-a-ella-martinez-121\/?lang=es","title":{"rendered":"notas olfativas familia similar a HER <br> Martinez 121"},"content":{"rendered":"","protected":false},"excerpt":{"rendered":"<p>Vivir su vida cotidiana en la ciudad no es poca cosa. Hacerlo acompa\u00f1ado de este perfume afrutado y dulce es, sin duda, mucho mejor. Ideal para la mujer urbana con un toque chic.<\/p>\n<p>Las Notas de Salida son fresa, frambuesa, mora, cereza agria, grosella negra, mandarina y lim\u00f3n; las Notas de Coraz\u00f3n son Violeta y Jazm\u00edn; las Notas de Fondo son almizcle, vainilla, musgo de roble, cachemira, notas amaderadas, \u00e1mbar y pachul\u00ed.<\/p>\n","protected":false},"featured_media":33104,"comment_status":"open","ping_status":"closed","template":"","meta":{"_acf_changed":false,"_monsterinsights_skip_tracking":false,"_monsterinsights_sitenote_active":false,"_monsterinsights_sitenote_note":"","_monsterinsights_sitenote_category":0},"product_cat":[364,367],"product_tag":[],"acf":[],"aioseo_notices":[],"_links":{"self":[{"href":"https:\/\/martinez-perfume.com\/en\/wp-json\/wp\/v2\/product\/33192"}],"collection":[{"href":"https:\/\/martinez-perfume.com\/en\/wp-json\/wp\/v2\/product"}],"about":[{"href":"https:\/\/martinez-perfume.com\/en\/wp-json\/wp\/v2\/types\/product"}],"replies":[{"embeddable":true,"href":"https:\/\/martinez-perfume.com\/en\/wp-json\/wp\/v2\/comments?post=33192"}],"wp:featuredmedia":[{"embeddable":true,"href":"https:\/\/martinez-perfume.com\/en\/wp-json\/wp\/v2\/media\/33104"}],"wp:attachment":[{"href":"https:\/\/martinez-perfume.com\/en\/wp-json\/wp\/v2\/media?parent=33192"}],"wp:term":[{"taxonomy":"product_cat","embeddable":true,"href":"https:\/\/martinez-perfume.com\/en\/wp-json\/wp\/v2\/product_cat?post=33192"},{"taxonomy":"product_tag","embeddable":true,"href":"https:\/\/martinez-perfume.com\/en\/wp-json\/wp\/v2\/product_tag?post=33192"}],"curies":[{"name":"wp","href":"https:\/\/api.w.org\/{rel}","templated":true}]}}