{"id":33188,"date":"2020-12-18T16:55:33","date_gmt":"2020-12-18T14:55:33","guid":{"rendered":"https:\/\/martinez-perfume.com\/en\/product\/notas-olfativas-familia-parecida-a-si-martinez-115\/"},"modified":"2020-12-18T16:55:33","modified_gmt":"2020-12-18T14:55:33","slug":"notas-olfativas-familia-parecida-a-si-martinez-115","status":"publish","type":"product","link":"https:\/\/martinez-perfume.com\/en\/producto\/notas-olfativas-familia-parecida-a-si-martinez-115\/?lang=es","title":{"rendered":"notas olfativas familia parecida a SI <br> Martinez 115"},"content":{"rendered":"","protected":false},"excerpt":{"rendered":"<p>Este perfume es una reafirmaci\u00f3n de la mujer: mujeres con car\u00e1cter, independientes y decididas, que se cuidan por dentro y por fuera, que dicen s\u00ed a su poderosa feminidad y se sienten orgullosas de ella.<\/p>\n<p>La nota m\u00e1s alta es Cassis; las Notas de Coraz\u00f3n son May Rose y Freesia; las Notas de Fondo son vainilla, pachul\u00ed, ambroxano y notas amaderadas.<\/p>\n","protected":false},"featured_media":33104,"comment_status":"open","ping_status":"closed","template":"","meta":{"_acf_changed":false,"_monsterinsights_skip_tracking":false,"_monsterinsights_sitenote_active":false,"_monsterinsights_sitenote_note":"","_monsterinsights_sitenote_category":0},"product_cat":[364,367],"product_tag":[],"acf":[],"aioseo_notices":[],"_links":{"self":[{"href":"https:\/\/martinez-perfume.com\/en\/wp-json\/wp\/v2\/product\/33188"}],"collection":[{"href":"https:\/\/martinez-perfume.com\/en\/wp-json\/wp\/v2\/product"}],"about":[{"href":"https:\/\/martinez-perfume.com\/en\/wp-json\/wp\/v2\/types\/product"}],"replies":[{"embeddable":true,"href":"https:\/\/martinez-perfume.com\/en\/wp-json\/wp\/v2\/comments?post=33188"}],"wp:featuredmedia":[{"embeddable":true,"href":"https:\/\/martinez-perfume.com\/en\/wp-json\/wp\/v2\/media\/33104"}],"wp:attachment":[{"href":"https:\/\/martinez-perfume.com\/en\/wp-json\/wp\/v2\/media?parent=33188"}],"wp:term":[{"taxonomy":"product_cat","embeddable":true,"href":"https:\/\/martinez-perfume.com\/en\/wp-json\/wp\/v2\/product_cat?post=33188"},{"taxonomy":"product_tag","embeddable":true,"href":"https:\/\/martinez-perfume.com\/en\/wp-json\/wp\/v2\/product_tag?post=33188"}],"curies":[{"name":"wp","href":"https:\/\/api.w.org\/{rel}","templated":true}]}}