{"id":33187,"date":"2020-12-18T16:56:48","date_gmt":"2020-12-18T14:56:48","guid":{"rendered":"https:\/\/martinez-perfume.com\/en\/product\/notas-olfativas-familia-parecida-a-l-interdit-martinez-114\/"},"modified":"2020-12-18T16:56:48","modified_gmt":"2020-12-18T14:56:48","slug":"notas-olfativas-familia-parecida-a-l-interdit-martinez-114","status":"publish","type":"product","link":"https:\/\/martinez-perfume.com\/en\/producto\/notas-olfativas-familia-parecida-a-l-interdit-martinez-114\/?lang=es","title":{"rendered":"notas olfativas familia parecida a L Interdit <br> Martinez 114"},"content":{"rendered":"","protected":false},"excerpt":{"rendered":"<p>Para la mujer que rompe con las convenciones sociales habituales. Esta fragancia te invita a dejarte llevar y hacer lo que realmente quieres. Nada est\u00e1 prohibido y \u00bfa qui\u00e9n le importa lo que piensen los dem\u00e1s? Un perfume intenso que destila sofisticaci\u00f3n y elegancia.<\/p>\n<p>Las Notas de Salida son pera y bergamota; las Notas de Coraz\u00f3n son nardosos, azahar y jazm\u00edn sambac; las Notas de Fondo son pachul\u00ed, vainilla, ambroxano y vetiver.<\/p>\n","protected":false},"featured_media":33100,"comment_status":"open","ping_status":"closed","template":"","meta":{"_acf_changed":false,"_monsterinsights_skip_tracking":false,"_monsterinsights_sitenote_active":false,"_monsterinsights_sitenote_note":"","_monsterinsights_sitenote_category":0},"product_cat":[364,367],"product_tag":[],"acf":[],"aioseo_notices":[],"_links":{"self":[{"href":"https:\/\/martinez-perfume.com\/en\/wp-json\/wp\/v2\/product\/33187"}],"collection":[{"href":"https:\/\/martinez-perfume.com\/en\/wp-json\/wp\/v2\/product"}],"about":[{"href":"https:\/\/martinez-perfume.com\/en\/wp-json\/wp\/v2\/types\/product"}],"replies":[{"embeddable":true,"href":"https:\/\/martinez-perfume.com\/en\/wp-json\/wp\/v2\/comments?post=33187"}],"wp:featuredmedia":[{"embeddable":true,"href":"https:\/\/martinez-perfume.com\/en\/wp-json\/wp\/v2\/media\/33100"}],"wp:attachment":[{"href":"https:\/\/martinez-perfume.com\/en\/wp-json\/wp\/v2\/media?parent=33187"}],"wp:term":[{"taxonomy":"product_cat","embeddable":true,"href":"https:\/\/martinez-perfume.com\/en\/wp-json\/wp\/v2\/product_cat?post=33187"},{"taxonomy":"product_tag","embeddable":true,"href":"https:\/\/martinez-perfume.com\/en\/wp-json\/wp\/v2\/product_tag?post=33187"}],"curies":[{"name":"wp","href":"https:\/\/api.w.org\/{rel}","templated":true}]}}