{"id":33184,"date":"2020-12-18T16:59:24","date_gmt":"2020-12-18T14:59:24","guid":{"rendered":"https:\/\/martinez-perfume.com\/en\/product\/notas-olfativas-familiares-parecidas-a-addict-martinez-110\/"},"modified":"2020-12-18T16:59:24","modified_gmt":"2020-12-18T14:59:24","slug":"notas-olfativas-familiares-parecidas-a-addict-martinez-110","status":"publish","type":"product","link":"https:\/\/martinez-perfume.com\/en\/producto\/notas-olfativas-familiares-parecidas-a-addict-martinez-110\/?lang=es","title":{"rendered":"notas olfativas familiares parecidas a Addict <br> Martinez 110"},"content":{"rendered":"","protected":false},"excerpt":{"rendered":"<p>Una fragancia muy sexy que te atrapa. Si te gusta el mundo de la noche, este es un perfume ideal para rodearte de un halo de misterio.<\/p>\n<p>Las Notas de Salida son moras y hojas de mandarina; las Notas de Coraz\u00f3n son jazm\u00edn, cereo de floraci\u00f3n nocturna, flor de naranjo y rosa; las Notas de Fondo son vainilla, haba tonka y s\u00e1ndalo.<\/p>\n","protected":false},"featured_media":33185,"comment_status":"open","ping_status":"closed","template":"","meta":{"_acf_changed":false,"_monsterinsights_skip_tracking":false,"_monsterinsights_sitenote_active":false,"_monsterinsights_sitenote_note":"","_monsterinsights_sitenote_category":0},"product_cat":[364,367],"product_tag":[],"acf":[],"aioseo_notices":[],"_links":{"self":[{"href":"https:\/\/martinez-perfume.com\/en\/wp-json\/wp\/v2\/product\/33184"}],"collection":[{"href":"https:\/\/martinez-perfume.com\/en\/wp-json\/wp\/v2\/product"}],"about":[{"href":"https:\/\/martinez-perfume.com\/en\/wp-json\/wp\/v2\/types\/product"}],"replies":[{"embeddable":true,"href":"https:\/\/martinez-perfume.com\/en\/wp-json\/wp\/v2\/comments?post=33184"}],"wp:featuredmedia":[{"embeddable":true,"href":"https:\/\/martinez-perfume.com\/en\/wp-json\/wp\/v2\/media\/33185"}],"wp:attachment":[{"href":"https:\/\/martinez-perfume.com\/en\/wp-json\/wp\/v2\/media?parent=33184"}],"wp:term":[{"taxonomy":"product_cat","embeddable":true,"href":"https:\/\/martinez-perfume.com\/en\/wp-json\/wp\/v2\/product_cat?post=33184"},{"taxonomy":"product_tag","embeddable":true,"href":"https:\/\/martinez-perfume.com\/en\/wp-json\/wp\/v2\/product_tag?post=33184"}],"curies":[{"name":"wp","href":"https:\/\/api.w.org\/{rel}","templated":true}]}}