{"id":33183,"date":"2020-12-18T17:00:48","date_gmt":"2020-12-18T15:00:48","guid":{"rendered":"https:\/\/martinez-perfume.com\/en\/product\/notas-olfativas-familiares-parecidas-a-alien-martinez-102\/"},"modified":"2020-12-18T17:00:48","modified_gmt":"2020-12-18T15:00:48","slug":"notas-olfativas-familiares-parecidas-a-alien-martinez-102","status":"publish","type":"product","link":"https:\/\/martinez-perfume.com\/en\/producto\/notas-olfativas-familiares-parecidas-a-alien-martinez-102\/?lang=es","title":{"rendered":"notas olfativas familiares parecidas a Alien <br> Martinez 102"},"content":{"rendered":"","protected":false},"excerpt":{"rendered":"<p>Misterioso, atractivo y fascinante, como un talism\u00e1n que te acompa\u00f1a con su embriagador aroma. Para la mujer empoderada que no teme a nada y es consciente de su poderosa fuerza femenina.<\/p>\n<p>La nota m\u00e1s alta es jazm\u00edn; la nota media es notas amaderadas; la nota base es \u00e1mbar.<\/p>\n","protected":false},"featured_media":33100,"comment_status":"open","ping_status":"closed","template":"","meta":{"_acf_changed":false,"_monsterinsights_skip_tracking":false,"_monsterinsights_sitenote_active":false,"_monsterinsights_sitenote_note":"","_monsterinsights_sitenote_category":0},"product_cat":[364,367],"product_tag":[],"acf":[],"aioseo_notices":[],"_links":{"self":[{"href":"https:\/\/martinez-perfume.com\/en\/wp-json\/wp\/v2\/product\/33183"}],"collection":[{"href":"https:\/\/martinez-perfume.com\/en\/wp-json\/wp\/v2\/product"}],"about":[{"href":"https:\/\/martinez-perfume.com\/en\/wp-json\/wp\/v2\/types\/product"}],"replies":[{"embeddable":true,"href":"https:\/\/martinez-perfume.com\/en\/wp-json\/wp\/v2\/comments?post=33183"}],"wp:featuredmedia":[{"embeddable":true,"href":"https:\/\/martinez-perfume.com\/en\/wp-json\/wp\/v2\/media\/33100"}],"wp:attachment":[{"href":"https:\/\/martinez-perfume.com\/en\/wp-json\/wp\/v2\/media?parent=33183"}],"wp:term":[{"taxonomy":"product_cat","embeddable":true,"href":"https:\/\/martinez-perfume.com\/en\/wp-json\/wp\/v2\/product_cat?post=33183"},{"taxonomy":"product_tag","embeddable":true,"href":"https:\/\/martinez-perfume.com\/en\/wp-json\/wp\/v2\/product_tag?post=33183"}],"curies":[{"name":"wp","href":"https:\/\/api.w.org\/{rel}","templated":true}]}}