{"id":33181,"date":"2020-12-18T17:03:00","date_gmt":"2020-12-18T15:03:00","guid":{"rendered":"https:\/\/martinez-perfume.com\/en\/product\/familia-de-notas-olfativas-parecidas-a-acqua-di-gioia-martinez-101\/"},"modified":"2020-12-18T17:03:00","modified_gmt":"2020-12-18T15:03:00","slug":"familia-de-notas-olfativas-parecidas-a-acqua-di-gioia-martinez-101","status":"publish","type":"product","link":"https:\/\/martinez-perfume.com\/en\/producto\/familia-de-notas-olfativas-parecidas-a-acqua-di-gioia-martinez-101\/?lang=es","title":{"rendered":"familia de notas olfativas parecidas a ACQUA DI GIOIA <br> Martinez 101"},"content":{"rendered":"","protected":false},"excerpt":{"rendered":"<p>Para la mujer con elegancia natural, esta fragancia te acompa\u00f1ar\u00e1 en tu d\u00eda a d\u00eda. D\u00e9jate acariciar por el fresco aroma de este perfume floral que no se cansa nunca.<\/p>\n<p>Las Notas de Salida son lim\u00f3n de Amalfi y menta; las Notas de Coraz\u00f3n son jazm\u00edn, peon\u00eda y pimienta rosa; las Notas de Fondo son cedro de Virginia, l\u00e1dano franc\u00e9s y az\u00facar moreno.<\/p>\n","protected":false},"featured_media":33182,"comment_status":"open","ping_status":"closed","template":"","meta":{"_acf_changed":false,"_monsterinsights_skip_tracking":false,"_monsterinsights_sitenote_active":false,"_monsterinsights_sitenote_note":"","_monsterinsights_sitenote_category":0},"product_cat":[364,367],"product_tag":[],"acf":[],"aioseo_notices":[],"_links":{"self":[{"href":"https:\/\/martinez-perfume.com\/en\/wp-json\/wp\/v2\/product\/33181"}],"collection":[{"href":"https:\/\/martinez-perfume.com\/en\/wp-json\/wp\/v2\/product"}],"about":[{"href":"https:\/\/martinez-perfume.com\/en\/wp-json\/wp\/v2\/types\/product"}],"replies":[{"embeddable":true,"href":"https:\/\/martinez-perfume.com\/en\/wp-json\/wp\/v2\/comments?post=33181"}],"wp:featuredmedia":[{"embeddable":true,"href":"https:\/\/martinez-perfume.com\/en\/wp-json\/wp\/v2\/media\/33182"}],"wp:attachment":[{"href":"https:\/\/martinez-perfume.com\/en\/wp-json\/wp\/v2\/media?parent=33181"}],"wp:term":[{"taxonomy":"product_cat","embeddable":true,"href":"https:\/\/martinez-perfume.com\/en\/wp-json\/wp\/v2\/product_cat?post=33181"},{"taxonomy":"product_tag","embeddable":true,"href":"https:\/\/martinez-perfume.com\/en\/wp-json\/wp\/v2\/product_tag?post=33181"}],"curies":[{"name":"wp","href":"https:\/\/api.w.org\/{rel}","templated":true}]}}