{"id":33178,"date":"2020-12-21T10:16:12","date_gmt":"2020-12-21T08:16:12","guid":{"rendered":"https:\/\/martinez-perfume.com\/en\/product\/notas-olfativas-familia-parecidas-a-black-aoud-martinez-770\/"},"modified":"2020-12-21T10:16:12","modified_gmt":"2020-12-21T08:16:12","slug":"notas-olfativas-familia-parecidas-a-black-aoud-martinez-770","status":"publish","type":"product","link":"https:\/\/martinez-perfume.com\/en\/producto\/notas-olfativas-familia-parecidas-a-black-aoud-martinez-770\/?lang=es","title":{"rendered":"notas olfativas familia parecidas a BLACK AOUD <br> Martinez 770"},"content":{"rendered":"","protected":false},"excerpt":{"rendered":"<p>Una fragancia dram\u00e1tica, pero no confunda eso con demasiado fuerte. Es de cuerpo medio y muy rico, una poci\u00f3n burbujeante de rosa aterciopelada y la sensaci\u00f3n de cuero viejo del l\u00e1dano, mezclada con aceites m\u00edsticos del \u00e1rbol de oud. Es un viaje raro a alg\u00fan lugar donde probablemente nunca hayas estado y al que rogar\u00e1s por regresar &#8230; todo lo que necesitas es un poco de este incre\u00edble y raro elixir. Si busca una fragancia de rosa y s\u00e1ndalo profundamente indignados, una que hubiera perfumado las almohadas te\u00f1idas de colores brillantes de un har\u00e9n, no necesita buscar m\u00e1s.<\/p>\n<p>Las Notas de Salida son rosa, madera de agar (Oud); Las Notas de Coraz\u00f3n son pachul\u00ed, almizcle; Notas de fondo l\u00e1dano franc\u00e9s y mandarina<\/p>\n","protected":false},"featured_media":33125,"comment_status":"open","ping_status":"closed","template":"","meta":{"_acf_changed":false,"_monsterinsights_skip_tracking":false,"_monsterinsights_sitenote_active":false,"_monsterinsights_sitenote_note":"","_monsterinsights_sitenote_category":0},"product_cat":[364,366],"product_tag":[],"acf":[],"aioseo_notices":[],"_links":{"self":[{"href":"https:\/\/martinez-perfume.com\/en\/wp-json\/wp\/v2\/product\/33178"}],"collection":[{"href":"https:\/\/martinez-perfume.com\/en\/wp-json\/wp\/v2\/product"}],"about":[{"href":"https:\/\/martinez-perfume.com\/en\/wp-json\/wp\/v2\/types\/product"}],"replies":[{"embeddable":true,"href":"https:\/\/martinez-perfume.com\/en\/wp-json\/wp\/v2\/comments?post=33178"}],"wp:featuredmedia":[{"embeddable":true,"href":"https:\/\/martinez-perfume.com\/en\/wp-json\/wp\/v2\/media\/33125"}],"wp:attachment":[{"href":"https:\/\/martinez-perfume.com\/en\/wp-json\/wp\/v2\/media?parent=33178"}],"wp:term":[{"taxonomy":"product_cat","embeddable":true,"href":"https:\/\/martinez-perfume.com\/en\/wp-json\/wp\/v2\/product_cat?post=33178"},{"taxonomy":"product_tag","embeddable":true,"href":"https:\/\/martinez-perfume.com\/en\/wp-json\/wp\/v2\/product_tag?post=33178"}],"curies":[{"name":"wp","href":"https:\/\/api.w.org\/{rel}","templated":true}]}}