{"id":33177,"date":"2020-12-21T10:20:25","date_gmt":"2020-12-21T08:20:25","guid":{"rendered":"https:\/\/martinez-perfume.com\/en\/product\/notas-olfativas-de-la-familia-parecidas-a-la-madera-de-oud-martinez-766\/"},"modified":"2020-12-21T10:20:25","modified_gmt":"2020-12-21T08:20:25","slug":"notas-olfativas-de-la-familia-parecidas-a-la-madera-de-oud-martinez-766","status":"publish","type":"product","link":"https:\/\/martinez-perfume.com\/en\/producto\/notas-olfativas-de-la-familia-parecidas-a-la-madera-de-oud-martinez-766\/?lang=es","title":{"rendered":"notas olfativas de la familia parecidas a la Madera de Oud <br> Martinez 766"},"content":{"rendered":"","protected":false},"excerpt":{"rendered":"<p>Dise\u00f1ado para hombres y mujeres que cultivan cuerpo, mente y esp\u00edritu. Tiene un toque ex\u00f3tico, con toques de luz y oscuridad. La preciosa madera de Oud capturar\u00e1 todos los sentidos.<\/p>\n<p>Las Notas de Salida son madera de Oud, palo de rosa de Brasil; Las Notas de Coraz\u00f3n son s\u00e1ndalo y vetiver; Las notas de fondo son haba tonka, vainilla y \u00e1mbar.<\/p>\n","protected":false},"featured_media":33098,"comment_status":"open","ping_status":"closed","template":"","meta":{"_acf_changed":false,"_monsterinsights_skip_tracking":false,"_monsterinsights_sitenote_active":false,"_monsterinsights_sitenote_note":"","_monsterinsights_sitenote_category":0},"product_cat":[364,366],"product_tag":[],"acf":[],"aioseo_notices":[],"_links":{"self":[{"href":"https:\/\/martinez-perfume.com\/en\/wp-json\/wp\/v2\/product\/33177"}],"collection":[{"href":"https:\/\/martinez-perfume.com\/en\/wp-json\/wp\/v2\/product"}],"about":[{"href":"https:\/\/martinez-perfume.com\/en\/wp-json\/wp\/v2\/types\/product"}],"replies":[{"embeddable":true,"href":"https:\/\/martinez-perfume.com\/en\/wp-json\/wp\/v2\/comments?post=33177"}],"wp:featuredmedia":[{"embeddable":true,"href":"https:\/\/martinez-perfume.com\/en\/wp-json\/wp\/v2\/media\/33098"}],"wp:attachment":[{"href":"https:\/\/martinez-perfume.com\/en\/wp-json\/wp\/v2\/media?parent=33177"}],"wp:term":[{"taxonomy":"product_cat","embeddable":true,"href":"https:\/\/martinez-perfume.com\/en\/wp-json\/wp\/v2\/product_cat?post=33177"},{"taxonomy":"product_tag","embeddable":true,"href":"https:\/\/martinez-perfume.com\/en\/wp-json\/wp\/v2\/product_tag?post=33177"}],"curies":[{"name":"wp","href":"https:\/\/api.w.org\/{rel}","templated":true}]}}