{"id":33174,"date":"2020-12-21T10:35:07","date_gmt":"2020-12-21T08:35:07","guid":{"rendered":"https:\/\/martinez-perfume.com\/en\/product\/notas-olfativas-familia-parecida-a-la-molecula-02-martinez-760\/"},"modified":"2021-08-03T11:07:49","modified_gmt":"2021-08-03T08:07:49","slug":"notas-olfativas-familia-parecida-a-la-molecula-02-martinez-760","status":"publish","type":"product","link":"https:\/\/martinez-perfume.com\/en\/producto\/notas-olfativas-familia-parecida-a-la-molecula-02-martinez-760\/?lang=es","title":{"rendered":"notas olfativas familia parecida a la Mol\u00e9cule 02 <br> Martinez 760"},"content":{"rendered":"","protected":false},"excerpt":{"rendered":"<p>El Ambroxan altamente concentrado seduce a todo ya todos con sus notas secas y amaderadas. Su car\u00e1cter es amaderado, seco, bals\u00e1mico, algo parecido al tabaco con efecto afrodis\u00edaco, simplemente sexy.<\/p>\n<p>Notas de salida: Almdudler, baya de enebro, mandarina, lima, bergamota. Notas de coraz\u00f3n: jengibre, fresia, esclarea, pimienta rosa, hediona (capullo de jazm\u00edn verde), orris. Notas de fondo: almizcle, ambroxano, vetiver, haba tonka.<\/p>\n","protected":false},"featured_media":33098,"comment_status":"open","ping_status":"closed","template":"","meta":{"_acf_changed":false,"_monsterinsights_skip_tracking":false,"_monsterinsights_sitenote_active":false,"_monsterinsights_sitenote_note":"","_monsterinsights_sitenote_category":0},"product_cat":[364,366],"product_tag":[],"acf":[],"aioseo_notices":[],"_links":{"self":[{"href":"https:\/\/martinez-perfume.com\/en\/wp-json\/wp\/v2\/product\/33174"}],"collection":[{"href":"https:\/\/martinez-perfume.com\/en\/wp-json\/wp\/v2\/product"}],"about":[{"href":"https:\/\/martinez-perfume.com\/en\/wp-json\/wp\/v2\/types\/product"}],"replies":[{"embeddable":true,"href":"https:\/\/martinez-perfume.com\/en\/wp-json\/wp\/v2\/comments?post=33174"}],"wp:featuredmedia":[{"embeddable":true,"href":"https:\/\/martinez-perfume.com\/en\/wp-json\/wp\/v2\/media\/33098"}],"wp:attachment":[{"href":"https:\/\/martinez-perfume.com\/en\/wp-json\/wp\/v2\/media?parent=33174"}],"wp:term":[{"taxonomy":"product_cat","embeddable":true,"href":"https:\/\/martinez-perfume.com\/en\/wp-json\/wp\/v2\/product_cat?post=33174"},{"taxonomy":"product_tag","embeddable":true,"href":"https:\/\/martinez-perfume.com\/en\/wp-json\/wp\/v2\/product_tag?post=33174"}],"curies":[{"name":"wp","href":"https:\/\/api.w.org\/{rel}","templated":true}]}}