{"id":33171,"date":"2020-12-21T10:47:10","date_gmt":"2020-12-21T08:47:10","guid":{"rendered":"https:\/\/martinez-perfume.com\/en\/product\/notas-olfativas-familia-parecida-a-k-martinez-730\/"},"modified":"2020-12-21T10:47:10","modified_gmt":"2020-12-21T08:47:10","slug":"notas-olfativas-familia-parecida-a-k-martinez-730","status":"publish","type":"product","link":"https:\/\/martinez-perfume.com\/en\/producto\/notas-olfativas-familia-parecida-a-k-martinez-730\/?lang=es","title":{"rendered":"notas olfativas familia parecida a K <br> Martinez 730"},"content":{"rendered":"","protected":false},"excerpt":{"rendered":"<p>Elegancia masculina para el hombre que es su propio amo. Un aroma que estimula los sentidos, transport\u00e1ndote a la campi\u00f1a italiana y al Mediterr\u00e1neo ba\u00f1ado por el sol. Una fragancia fresca y terrosa para el hombre con un carisma natural.<\/p>\n<p>Las Notas de Salida son bayas de enebro, c\u00edtricos, naranja sanguina y lim\u00f3n siciliano; las Notas de Coraz\u00f3n son pimiento morr\u00f3n, esclarea, lavanda y geranio; las Notas de Fondo son vetiver, cedro y pachul\u00ed.<\/p>\n","protected":false},"featured_media":33125,"comment_status":"open","ping_status":"closed","template":"","meta":{"_acf_changed":false,"_monsterinsights_skip_tracking":false,"_monsterinsights_sitenote_active":false,"_monsterinsights_sitenote_note":"","_monsterinsights_sitenote_category":0},"product_cat":[364,366],"product_tag":[],"acf":[],"aioseo_notices":[],"_links":{"self":[{"href":"https:\/\/martinez-perfume.com\/en\/wp-json\/wp\/v2\/product\/33171"}],"collection":[{"href":"https:\/\/martinez-perfume.com\/en\/wp-json\/wp\/v2\/product"}],"about":[{"href":"https:\/\/martinez-perfume.com\/en\/wp-json\/wp\/v2\/types\/product"}],"replies":[{"embeddable":true,"href":"https:\/\/martinez-perfume.com\/en\/wp-json\/wp\/v2\/comments?post=33171"}],"wp:featuredmedia":[{"embeddable":true,"href":"https:\/\/martinez-perfume.com\/en\/wp-json\/wp\/v2\/media\/33125"}],"wp:attachment":[{"href":"https:\/\/martinez-perfume.com\/en\/wp-json\/wp\/v2\/media?parent=33171"}],"wp:term":[{"taxonomy":"product_cat","embeddable":true,"href":"https:\/\/martinez-perfume.com\/en\/wp-json\/wp\/v2\/product_cat?post=33171"},{"taxonomy":"product_tag","embeddable":true,"href":"https:\/\/martinez-perfume.com\/en\/wp-json\/wp\/v2\/product_tag?post=33171"}],"curies":[{"name":"wp","href":"https:\/\/api.w.org\/{rel}","templated":true}]}}