{"id":33169,"date":"2020-12-21T10:52:09","date_gmt":"2020-12-21T08:52:09","guid":{"rendered":"https:\/\/martinez-perfume.com\/en\/product\/notas-olfativas-familia-parecidas-a-bleu-de-chanel-martinez-711\/"},"modified":"2023-12-12T14:18:19","modified_gmt":"2023-12-12T12:18:19","slug":"notas-olfativas-familia-parecidas-a-bleu-de-chanel-martinez-711","status":"publish","type":"product","link":"https:\/\/martinez-perfume.com\/en\/producto\/notas-olfativas-familia-parecidas-a-bleu-de-chanel-martinez-711\/?lang=es","title":{"rendered":"notas olfativas familia parecidas a Bleu de CHANEL <br> Martinez 711"},"content":{"rendered":"","protected":false},"excerpt":{"rendered":"<p>Para el hombre que se aleja de lo convencional y rechaza las reglas establecidas. La fragancia encarna el lujo y la libertad, ideal para salir de noche; elegante y sensual.<\/p>\n<p>Las Notas de Salida son toronja, lim\u00f3n, menta y pimienta rosa; las Notas de Coraz\u00f3n son jengibre, nuez moscada, jazm\u00edn e Iso E Super; las Notas de Fondo son incienso, vetiver, cedro, s\u00e1ndalo, pachul\u00ed, l\u00e1dano y almizcle blanco.<\/p>\n","protected":false},"featured_media":33130,"comment_status":"open","ping_status":"closed","template":"","meta":{"_acf_changed":false,"_monsterinsights_skip_tracking":false,"_monsterinsights_sitenote_active":false,"_monsterinsights_sitenote_note":"","_monsterinsights_sitenote_category":0},"product_cat":[364,366],"product_tag":[],"acf":[],"aioseo_notices":[],"_links":{"self":[{"href":"https:\/\/martinez-perfume.com\/en\/wp-json\/wp\/v2\/product\/33169"}],"collection":[{"href":"https:\/\/martinez-perfume.com\/en\/wp-json\/wp\/v2\/product"}],"about":[{"href":"https:\/\/martinez-perfume.com\/en\/wp-json\/wp\/v2\/types\/product"}],"replies":[{"embeddable":true,"href":"https:\/\/martinez-perfume.com\/en\/wp-json\/wp\/v2\/comments?post=33169"}],"wp:featuredmedia":[{"embeddable":true,"href":"https:\/\/martinez-perfume.com\/en\/wp-json\/wp\/v2\/media\/33130"}],"wp:attachment":[{"href":"https:\/\/martinez-perfume.com\/en\/wp-json\/wp\/v2\/media?parent=33169"}],"wp:term":[{"taxonomy":"product_cat","embeddable":true,"href":"https:\/\/martinez-perfume.com\/en\/wp-json\/wp\/v2\/product_cat?post=33169"},{"taxonomy":"product_tag","embeddable":true,"href":"https:\/\/martinez-perfume.com\/en\/wp-json\/wp\/v2\/product_tag?post=33169"}],"curies":[{"name":"wp","href":"https:\/\/api.w.org\/{rel}","templated":true}]}}