{"id":33168,"date":"2020-12-21T10:53:32","date_gmt":"2020-12-21T08:53:32","guid":{"rendered":"https:\/\/martinez-perfume.com\/en\/product\/notas-olfativas-familia-parecidas-a-euphoria-martinez-705\/"},"modified":"2020-12-21T10:53:32","modified_gmt":"2020-12-21T08:53:32","slug":"notas-olfativas-familia-parecidas-a-euphoria-martinez-705","status":"publish","type":"product","link":"https:\/\/martinez-perfume.com\/en\/producto\/notas-olfativas-familia-parecidas-a-euphoria-martinez-705\/?lang=es","title":{"rendered":"notas olfativas familia parecidas a EUPHORIA <br> Martinez 705"},"content":{"rendered":"","protected":false},"excerpt":{"rendered":"<p>Si eres de los que va al m\u00e1s all\u00e1, dando un paso fuerte en la b\u00fasqueda de nuevas experiencias, este es tu perfume. Tiene un toque fresco y sexy que la hace \u00fanica, destac\u00e1ndose entre las dem\u00e1s.<\/p>\n<p>Las Notas de Salida son jengibre y pimienta; las Notas de Coraz\u00f3n son Albahaca Negra, Salvia y Cedro; las Notas de Fondo son \u00e1mbar, ante, secuoya brasile\u00f1a y pachul\u00ed.<\/p>\n","protected":false},"featured_media":33112,"comment_status":"open","ping_status":"closed","template":"","meta":{"_acf_changed":false,"_monsterinsights_skip_tracking":false,"_monsterinsights_sitenote_active":false,"_monsterinsights_sitenote_note":"","_monsterinsights_sitenote_category":0},"product_cat":[364,366],"product_tag":[],"acf":[],"aioseo_notices":[],"_links":{"self":[{"href":"https:\/\/martinez-perfume.com\/en\/wp-json\/wp\/v2\/product\/33168"}],"collection":[{"href":"https:\/\/martinez-perfume.com\/en\/wp-json\/wp\/v2\/product"}],"about":[{"href":"https:\/\/martinez-perfume.com\/en\/wp-json\/wp\/v2\/types\/product"}],"replies":[{"embeddable":true,"href":"https:\/\/martinez-perfume.com\/en\/wp-json\/wp\/v2\/comments?post=33168"}],"wp:featuredmedia":[{"embeddable":true,"href":"https:\/\/martinez-perfume.com\/en\/wp-json\/wp\/v2\/media\/33112"}],"wp:attachment":[{"href":"https:\/\/martinez-perfume.com\/en\/wp-json\/wp\/v2\/media?parent=33168"}],"wp:term":[{"taxonomy":"product_cat","embeddable":true,"href":"https:\/\/martinez-perfume.com\/en\/wp-json\/wp\/v2\/product_cat?post=33168"},{"taxonomy":"product_tag","embeddable":true,"href":"https:\/\/martinez-perfume.com\/en\/wp-json\/wp\/v2\/product_tag?post=33168"}],"curies":[{"name":"wp","href":"https:\/\/api.w.org\/{rel}","templated":true}]}}