{"id":33166,"date":"2020-12-21T10:58:49","date_gmt":"2020-12-21T08:58:49","guid":{"rendered":"https:\/\/martinez-perfume.com\/en\/product\/notas-olfativas-familia-parecidas-a-dylan-blue-martinez-687\/"},"modified":"2020-12-21T10:58:49","modified_gmt":"2020-12-21T08:58:49","slug":"notas-olfativas-familia-parecidas-a-dylan-blue-martinez-687","status":"publish","type":"product","link":"https:\/\/martinez-perfume.com\/en\/producto\/notas-olfativas-familia-parecidas-a-dylan-blue-martinez-687\/?lang=es","title":{"rendered":"notas olfativas familia parecidas a DYLAN BLUE <br> Martinez 687"},"content":{"rendered":"","protected":false},"excerpt":{"rendered":"<p>Encapsulando el esp\u00edritu del Mediterr\u00e1neo, su composici\u00f3n arom\u00e1tica, amaderada &#8211; Fougere con notas acu\u00e1ticas frescas, bergamota de Calabria, pomelo y hojas de higuera en la parte superior, se desarrolla con un coraz\u00f3n de hoja de violeta, madera de papiro, pachul\u00ed org\u00e1nico, pimienta negra y ambrox. . Los almizcles minerales, el haba tonka, el incienso y el azafr\u00e1n envuelven la composici\u00f3n y le dan un aire fougere.<\/p>\n<p>Las Notas de Salida son bergamota de Calabria, pomelo, notas acu\u00e1ticas y hoja de higuera; las Notas de Coraz\u00f3n son ambroxano, pachul\u00ed, pimienta negra, hoja de violeta y papiro; las Notas de Fondo son incienso, almizcle, haba tonka y azafr\u00e1n.<\/p>\n","protected":false},"featured_media":33130,"comment_status":"open","ping_status":"closed","template":"","meta":{"_acf_changed":false,"_monsterinsights_skip_tracking":false,"_monsterinsights_sitenote_active":false,"_monsterinsights_sitenote_note":"","_monsterinsights_sitenote_category":0},"product_cat":[364,366],"product_tag":[],"acf":[],"aioseo_notices":[],"_links":{"self":[{"href":"https:\/\/martinez-perfume.com\/en\/wp-json\/wp\/v2\/product\/33166"}],"collection":[{"href":"https:\/\/martinez-perfume.com\/en\/wp-json\/wp\/v2\/product"}],"about":[{"href":"https:\/\/martinez-perfume.com\/en\/wp-json\/wp\/v2\/types\/product"}],"replies":[{"embeddable":true,"href":"https:\/\/martinez-perfume.com\/en\/wp-json\/wp\/v2\/comments?post=33166"}],"wp:featuredmedia":[{"embeddable":true,"href":"https:\/\/martinez-perfume.com\/en\/wp-json\/wp\/v2\/media\/33130"}],"wp:attachment":[{"href":"https:\/\/martinez-perfume.com\/en\/wp-json\/wp\/v2\/media?parent=33166"}],"wp:term":[{"taxonomy":"product_cat","embeddable":true,"href":"https:\/\/martinez-perfume.com\/en\/wp-json\/wp\/v2\/product_cat?post=33166"},{"taxonomy":"product_tag","embeddable":true,"href":"https:\/\/martinez-perfume.com\/en\/wp-json\/wp\/v2\/product_tag?post=33166"}],"curies":[{"name":"wp","href":"https:\/\/api.w.org\/{rel}","templated":true}]}}