{"id":33163,"date":"2020-12-21T11:05:40","date_gmt":"2020-12-21T09:05:40","guid":{"rendered":"https:\/\/martinez-perfume.com\/en\/product\/notas-olfativas-familia-parecidas-a-se-busca-martinez-681\/"},"modified":"2021-08-03T11:03:54","modified_gmt":"2021-08-03T08:03:54","slug":"notas-olfativas-familia-parecidas-a-se-busca-martinez-681","status":"publish","type":"product","link":"https:\/\/martinez-perfume.com\/en\/producto\/notas-olfativas-familia-parecidas-a-se-busca-martinez-681\/?lang=es","title":{"rendered":"notas olfativas familia parecidas a WANTED <br> Martinez 681"},"content":{"rendered":"","protected":false},"excerpt":{"rendered":"<p>El hombre que usa esta fragancia est\u00e1 acostumbrado a que las cosas le vayan bien. Sigue su instinto, tiene \u00e9xito y tiene un atractivo natural, casi magn\u00e9tico. Es envidiado y admirado; est\u00e1 seguro de s\u00ed mismo y no tiene miedo de correr riesgos.<\/p>\n<p>Las Notas de Salida son lim\u00f3n, jengibre, lavanda y menta; las Notas de Coraz\u00f3n son manzana, enebro, cardamomo de Guatemala y geranio; las Notas de Fondo son haba tonka, madera de \u00e1mbar y vetiver haitiano.<\/p>\n","protected":false},"featured_media":33125,"comment_status":"open","ping_status":"closed","template":"","meta":{"_acf_changed":false,"_monsterinsights_skip_tracking":false,"_monsterinsights_sitenote_active":false,"_monsterinsights_sitenote_note":"","_monsterinsights_sitenote_category":0},"product_cat":[364,366],"product_tag":[],"acf":[],"aioseo_notices":[],"_links":{"self":[{"href":"https:\/\/martinez-perfume.com\/en\/wp-json\/wp\/v2\/product\/33163"}],"collection":[{"href":"https:\/\/martinez-perfume.com\/en\/wp-json\/wp\/v2\/product"}],"about":[{"href":"https:\/\/martinez-perfume.com\/en\/wp-json\/wp\/v2\/types\/product"}],"replies":[{"embeddable":true,"href":"https:\/\/martinez-perfume.com\/en\/wp-json\/wp\/v2\/comments?post=33163"}],"wp:featuredmedia":[{"embeddable":true,"href":"https:\/\/martinez-perfume.com\/en\/wp-json\/wp\/v2\/media\/33125"}],"wp:attachment":[{"href":"https:\/\/martinez-perfume.com\/en\/wp-json\/wp\/v2\/media?parent=33163"}],"wp:term":[{"taxonomy":"product_cat","embeddable":true,"href":"https:\/\/martinez-perfume.com\/en\/wp-json\/wp\/v2\/product_cat?post=33163"},{"taxonomy":"product_tag","embeddable":true,"href":"https:\/\/martinez-perfume.com\/en\/wp-json\/wp\/v2\/product_tag?post=33163"}],"curies":[{"name":"wp","href":"https:\/\/api.w.org\/{rel}","templated":true}]}}