{"id":33158,"date":"2020-12-21T11:25:52","date_gmt":"2020-12-21T09:25:52","guid":{"rendered":"https:\/\/martinez-perfume.com\/en\/product\/notas-olfativas-familia-parecidas-a-diesel-bad-martinez-646\/"},"modified":"2020-12-21T11:25:52","modified_gmt":"2020-12-21T09:25:52","slug":"notas-olfativas-familia-parecidas-a-diesel-bad-martinez-646","status":"publish","type":"product","link":"https:\/\/martinez-perfume.com\/en\/producto\/notas-olfativas-familia-parecidas-a-diesel-bad-martinez-646\/?lang=es","title":{"rendered":"notas olfativas familia parecidas a DIESEL BAD <br> Martinez 646"},"content":{"rendered":"","protected":false},"excerpt":{"rendered":"<p>Para el hombre inconformista, joven y rebelde. Tiene un car\u00e1cter provocador y un paso fuerte, y todas las damas suspiran por \u00e9l. Este es un perfume que irradia virilidad, masculinidad y magnetismo.<\/p>\n<p>Las Notas de Salida son lavanda, bergamota, cardamomo y hojas de violeta; las Notas de Coraz\u00f3n son Caviar, Ra\u00edz de Orris y Salvia; las Notas de Fondo son notas amaderadas, tabaco, haba tonka, ambroxano y pachul\u00ed.<\/p>\n","protected":false},"featured_media":33125,"comment_status":"open","ping_status":"closed","template":"","meta":{"_acf_changed":false,"_monsterinsights_skip_tracking":false,"_monsterinsights_sitenote_active":false,"_monsterinsights_sitenote_note":"","_monsterinsights_sitenote_category":0},"product_cat":[364,366],"product_tag":[],"acf":[],"aioseo_notices":[],"_links":{"self":[{"href":"https:\/\/martinez-perfume.com\/en\/wp-json\/wp\/v2\/product\/33158"}],"collection":[{"href":"https:\/\/martinez-perfume.com\/en\/wp-json\/wp\/v2\/product"}],"about":[{"href":"https:\/\/martinez-perfume.com\/en\/wp-json\/wp\/v2\/types\/product"}],"replies":[{"embeddable":true,"href":"https:\/\/martinez-perfume.com\/en\/wp-json\/wp\/v2\/comments?post=33158"}],"wp:featuredmedia":[{"embeddable":true,"href":"https:\/\/martinez-perfume.com\/en\/wp-json\/wp\/v2\/media\/33125"}],"wp:attachment":[{"href":"https:\/\/martinez-perfume.com\/en\/wp-json\/wp\/v2\/media?parent=33158"}],"wp:term":[{"taxonomy":"product_cat","embeddable":true,"href":"https:\/\/martinez-perfume.com\/en\/wp-json\/wp\/v2\/product_cat?post=33158"},{"taxonomy":"product_tag","embeddable":true,"href":"https:\/\/martinez-perfume.com\/en\/wp-json\/wp\/v2\/product_tag?post=33158"}],"curies":[{"name":"wp","href":"https:\/\/api.w.org\/{rel}","templated":true}]}}