{"id":33152,"date":"2020-12-21T11:37:06","date_gmt":"2020-12-21T09:37:06","guid":{"rendered":"https:\/\/martinez-perfume.com\/en\/product\/notas-olfativas-familiares-parecidas-a-kenzo-pour-homme-martinez-615\/"},"modified":"2020-12-21T11:37:06","modified_gmt":"2020-12-21T09:37:06","slug":"notas-olfativas-familiares-parecidas-a-kenzo-pour-homme-martinez-615","status":"publish","type":"product","link":"https:\/\/martinez-perfume.com\/en\/producto\/notas-olfativas-familiares-parecidas-a-kenzo-pour-homme-martinez-615\/?lang=es","title":{"rendered":"notas olfativas familiares parecidas a Kenzo pour homme <br> Martinez 615"},"content":{"rendered":"","protected":false},"excerpt":{"rendered":"<p>Un perfume inspirado en momentos de calma y relajaci\u00f3n. Para el hombre al que le gusta estar en comuni\u00f3n con la naturaleza, fresco y sin complicaciones.<\/p>\n<p>Las Notas de Salida son notas marinas, caoba, salvia, bergamota y lim\u00f3n; las Notas de Coraz\u00f3n son pino, clavel, bayas de enebro, nuez moscada, rosa, lirio de los valles, alcaravea, jazm\u00edn, ra\u00edz de lirio y melocot\u00f3n; las Notas de Fondo son abeto b\u00e1lsamo, s\u00e1ndalo, cedro, musgo de roble, almizcle, vetiver, \u00e1mbar y l\u00e1dano.<\/p>\n","protected":false},"featured_media":33112,"comment_status":"open","ping_status":"closed","template":"","meta":{"_acf_changed":false,"_monsterinsights_skip_tracking":false,"_monsterinsights_sitenote_active":false,"_monsterinsights_sitenote_note":"","_monsterinsights_sitenote_category":0},"product_cat":[364,366],"product_tag":[],"acf":[],"aioseo_notices":[],"_links":{"self":[{"href":"https:\/\/martinez-perfume.com\/en\/wp-json\/wp\/v2\/product\/33152"}],"collection":[{"href":"https:\/\/martinez-perfume.com\/en\/wp-json\/wp\/v2\/product"}],"about":[{"href":"https:\/\/martinez-perfume.com\/en\/wp-json\/wp\/v2\/types\/product"}],"replies":[{"embeddable":true,"href":"https:\/\/martinez-perfume.com\/en\/wp-json\/wp\/v2\/comments?post=33152"}],"wp:featuredmedia":[{"embeddable":true,"href":"https:\/\/martinez-perfume.com\/en\/wp-json\/wp\/v2\/media\/33112"}],"wp:attachment":[{"href":"https:\/\/martinez-perfume.com\/en\/wp-json\/wp\/v2\/media?parent=33152"}],"wp:term":[{"taxonomy":"product_cat","embeddable":true,"href":"https:\/\/martinez-perfume.com\/en\/wp-json\/wp\/v2\/product_cat?post=33152"},{"taxonomy":"product_tag","embeddable":true,"href":"https:\/\/martinez-perfume.com\/en\/wp-json\/wp\/v2\/product_tag?post=33152"}],"curies":[{"name":"wp","href":"https:\/\/api.w.org\/{rel}","templated":true}]}}