{"id":33151,"date":"2020-12-21T11:38:18","date_gmt":"2020-12-21T09:38:18","guid":{"rendered":"https:\/\/martinez-perfume.com\/en\/product\/notas-olfativas-familia-parecidas-a-terre-dhermes-martinez-611\/"},"modified":"2020-12-21T11:38:18","modified_gmt":"2020-12-21T09:38:18","slug":"notas-olfativas-familia-parecidas-a-terre-dhermes-martinez-611","status":"publish","type":"product","link":"https:\/\/martinez-perfume.com\/en\/producto\/notas-olfativas-familia-parecidas-a-terre-dhermes-martinez-611\/?lang=es","title":{"rendered":"notas olfativas familia parecidas a Terre D&#8217;Hermes <br> Martinez 611"},"content":{"rendered":"","protected":false},"excerpt":{"rendered":"<p>Entre el cielo y la tierra est\u00e1 el hombre, y su l\u00edmite es el horizonte. Esta fragancia es para aventureros, viajeros, amantes de la naturaleza. Terre by Hermes nos recuerda al oto\u00f1o, pero \u00fasala en cualquier \u00e9poca del a\u00f1o si este es tu perfume ideal.<\/p>\n<p>Las Notas de Salida son naranja y pomelo; las Notas de Coraz\u00f3n son pimienta y pelargonio; las Notas de Fondo son vetiver, cedro, pachul\u00ed y benju\u00ed.<\/p>\n","protected":false},"featured_media":33125,"comment_status":"open","ping_status":"closed","template":"","meta":{"_acf_changed":false,"_monsterinsights_skip_tracking":false,"_monsterinsights_sitenote_active":false,"_monsterinsights_sitenote_note":"","_monsterinsights_sitenote_category":0},"product_cat":[364,366],"product_tag":[],"acf":[],"aioseo_notices":[],"_links":{"self":[{"href":"https:\/\/martinez-perfume.com\/en\/wp-json\/wp\/v2\/product\/33151"}],"collection":[{"href":"https:\/\/martinez-perfume.com\/en\/wp-json\/wp\/v2\/product"}],"about":[{"href":"https:\/\/martinez-perfume.com\/en\/wp-json\/wp\/v2\/types\/product"}],"replies":[{"embeddable":true,"href":"https:\/\/martinez-perfume.com\/en\/wp-json\/wp\/v2\/comments?post=33151"}],"wp:featuredmedia":[{"embeddable":true,"href":"https:\/\/martinez-perfume.com\/en\/wp-json\/wp\/v2\/media\/33125"}],"wp:attachment":[{"href":"https:\/\/martinez-perfume.com\/en\/wp-json\/wp\/v2\/media?parent=33151"}],"wp:term":[{"taxonomy":"product_cat","embeddable":true,"href":"https:\/\/martinez-perfume.com\/en\/wp-json\/wp\/v2\/product_cat?post=33151"},{"taxonomy":"product_tag","embeddable":true,"href":"https:\/\/martinez-perfume.com\/en\/wp-json\/wp\/v2\/product_tag?post=33151"}],"curies":[{"name":"wp","href":"https:\/\/api.w.org\/{rel}","templated":true}]}}