{"id":33149,"date":"2020-12-21T11:44:50","date_gmt":"2020-12-21T09:44:50","guid":{"rendered":"https:\/\/martinez-perfume.com\/en\/product\/notas-olfativas-familiares-parecidas-a-pure-xs-para-hombre-martinez-608\/"},"modified":"2021-08-03T11:00:28","modified_gmt":"2021-08-03T08:00:28","slug":"notas-olfativas-familiares-parecidas-a-pure-xs-para-hombre-martinez-608","status":"publish","type":"product","link":"https:\/\/martinez-perfume.com\/en\/producto\/notas-olfativas-familiares-parecidas-a-pure-xs-para-hombre-martinez-608\/?lang=es","title":{"rendered":"notas olfativas familiares parecidas a Pure XS for MEN <br> Martinez 608"},"content":{"rendered":"","protected":false},"excerpt":{"rendered":"<p>\u00a1Ten todo lo que quieras! Una calma enloquecedora. Belleza indecente. Y un regalo para las mujeres que desees. Tenga cuidado, \u00a1pueden perder la cabeza! El perfume eleva la tensi\u00f3n y desorienta los sentidos. Espere reacciones inesperadas. Un aroma fresco, ardiente, obsesivo.<\/p>\n<p>Las Notas de Salida son jengibre, tomillo, pomelo, bergamota y acorde verde; las Notas de Coraz\u00f3n son vainilla, licor, canela, cuero y manzana; las Notas de Fondo son mirra, az\u00facar, cedro, notas amaderadas, pachul\u00ed y cachemira.<\/p>\n","protected":false},"featured_media":33130,"comment_status":"open","ping_status":"closed","template":"","meta":{"_acf_changed":false,"_monsterinsights_skip_tracking":false,"_monsterinsights_sitenote_active":false,"_monsterinsights_sitenote_note":"","_monsterinsights_sitenote_category":0},"product_cat":[364,366],"product_tag":[],"acf":[],"aioseo_notices":[],"_links":{"self":[{"href":"https:\/\/martinez-perfume.com\/en\/wp-json\/wp\/v2\/product\/33149"}],"collection":[{"href":"https:\/\/martinez-perfume.com\/en\/wp-json\/wp\/v2\/product"}],"about":[{"href":"https:\/\/martinez-perfume.com\/en\/wp-json\/wp\/v2\/types\/product"}],"replies":[{"embeddable":true,"href":"https:\/\/martinez-perfume.com\/en\/wp-json\/wp\/v2\/comments?post=33149"}],"wp:featuredmedia":[{"embeddable":true,"href":"https:\/\/martinez-perfume.com\/en\/wp-json\/wp\/v2\/media\/33130"}],"wp:attachment":[{"href":"https:\/\/martinez-perfume.com\/en\/wp-json\/wp\/v2\/media?parent=33149"}],"wp:term":[{"taxonomy":"product_cat","embeddable":true,"href":"https:\/\/martinez-perfume.com\/en\/wp-json\/wp\/v2\/product_cat?post=33149"},{"taxonomy":"product_tag","embeddable":true,"href":"https:\/\/martinez-perfume.com\/en\/wp-json\/wp\/v2\/product_tag?post=33149"}],"curies":[{"name":"wp","href":"https:\/\/api.w.org\/{rel}","templated":true}]}}